{"id":1243,"date":"2021-03-22T10:43:53","date_gmt":"2021-03-22T09:43:53","guid":{"rendered":"https:\/\/ingredientsecret.com\/?page_id=1243"},"modified":"2024-03-26T22:08:19","modified_gmt":"2024-03-26T21:08:19","slug":"cellular-know-how","status":"publish","type":"page","link":"https:\/\/ingredientsecret.com\/fr\/cellular-know-how\/","title":{"rendered":"Savoir-faire Cellulaire"},"content":{"rendered":"<div data-elementor-type=\"wp-page\" data-elementor-id=\"1243\" class=\"elementor elementor-1243\" data-elementor-post-type=\"page\">\n\t\t\t\t\t\t<section class=\"elementor-section elementor-top-section elementor-element elementor-element-14d5cba first-s cel-k-h elementor-section-content-middle elementor-section-boxed elementor-section-height-default elementor-section-height-default\" data-id=\"14d5cba\" data-element_type=\"section\" data-settings=\"{&quot;background_background&quot;:&quot;classic&quot;}\">\n\t\t\t\t\t\t<div class=\"elementor-container elementor-column-gap-no\">\n\t\t\t\t\t<div class=\"elementor-column elementor-col-50 elementor-top-column elementor-element elementor-element-1641ba7 col1 animateplease1 elementor-invisible\" data-id=\"1641ba7\" data-element_type=\"column\" data-settings=\"{&quot;animation&quot;:&quot;slideInUp&quot;}\">\n\t\t\t<div class=\"elementor-widget-wrap elementor-element-populated\">\n\t\t\t\t\t\t<div class=\"elementor-element elementor-element-0537a17 elementor-widget elementor-widget-heading\" data-id=\"0537a17\" data-element_type=\"widget\" data-widget_type=\"heading.default\">\n\t\t\t\t<div class=\"elementor-widget-container\">\n\t\t\t<h2 class=\"elementor-heading-title elementor-size-default\"> SAVOIR-FAIRE CELLULAIRE<\/h2>\t\t<\/div>\n\t\t\t\t<\/div>\n\t\t\t\t<div class=\"elementor-element elementor-element-401e9a3 elementor-widget elementor-widget-text-editor\" data-id=\"401e9a3\" data-element_type=\"widget\" data-widget_type=\"text-editor.default\">\n\t\t\t\t<div class=\"elementor-widget-container\">\n\t\t\t\t\t\t\tEXPERTISE CELLULAIRE DE LA NATURE EXTR\u00caME DES MONTAGNES ET GLACIERS\t\t\t\t\t\t<\/div>\n\t\t\t\t<\/div>\n\t\t\t\t<div class=\"elementor-element elementor-element-da022dc desc-1 elementor-widget elementor-widget-text-editor\" data-id=\"da022dc\" data-element_type=\"widget\" data-widget_type=\"text-editor.default\">\n\t\t\t\t<div class=\"elementor-widget-container\">\n\t\t\t\t\t\t\t<p>Une fusion cellulaire entre le pouvoir de la nature extr\u00eame des montagnes et glaciers, extraits des plantes rares avec des m\u00e9canismes cellulaires exceptionnels et des ingr\u00e9dients anti-\u00e2ge de haute performance, nous sommes pionniers de la nutricosm\u00e9tique et du soin cellulaire anti-\u00e2ge du futur.<\/p><p>Notre science capture \u00e0 la perfection les techniques d\u2019adaptation et les incroyables m\u00e9canismes cellulaires des plantes des environnements extr\u00eames pour d\u00e9livrer des doses hautement concentr\u00e9es et assurer une synergie d\u2019action extra puissante. Pour une performance sublime de nos soins cellulaires anti-\u00e2ge IN &amp; OUT qui ciblent, pr\u00e9parent et m\u00e9tamorphosent la structure de votre peau de l\u2019int\u00e9rieur.<\/p>\t\t\t\t\t\t<\/div>\n\t\t\t\t<\/div>\n\t\t\t\t\t<\/div>\n\t\t<\/div>\n\t\t\t\t<div data-dce-background-image-url=\"https:\/\/ingredientsecret.com\/wp-content\/uploads\/2021\/04\/shutterstock_10826678r84.jpeg\" class=\"elementor-column elementor-col-50 elementor-top-column elementor-element elementor-element-e44c9df col2 animateplease1 elementor-invisible\" data-id=\"e44c9df\" data-element_type=\"column\" data-settings=\"{&quot;background_background&quot;:&quot;classic&quot;,&quot;animation&quot;:&quot;slideInUp&quot;,&quot;animation_delay&quot;:500}\">\n\t\t\t<div class=\"elementor-widget-wrap\">\n\t\t\t\t\t\t\t<\/div>\n\t\t<\/div>\n\t\t\t\t\t<\/div>\n\t\t<\/section>\n\t\t\t\t<section class=\"elementor-section elementor-top-section elementor-element elementor-element-8d629b7 elementor-section-full_width elementor-section-height-default elementor-section-height-default\" data-id=\"8d629b7\" data-element_type=\"section\" data-settings=\"{&quot;background_background&quot;:&quot;classic&quot;}\">\n\t\t\t\t\t\t<div class=\"elementor-container elementor-column-gap-no\">\n\t\t\t\t\t<div class=\"elementor-column elementor-col-100 elementor-top-column elementor-element elementor-element-0ad800c\" data-id=\"0ad800c\" data-element_type=\"column\">\n\t\t\t<div class=\"elementor-widget-wrap elementor-element-populated\">\n\t\t\t\t\t\t<div class=\"elementor-element elementor-element-6182053 elementor-tabs-view-horizontal elementor-widget elementor-widget-tp-tabs-tours\" data-id=\"6182053\" data-element_type=\"widget\" data-widget_type=\"tp-tabs-tours.default\">\n\t\t\t\t<div class=\"elementor-widget-container\">\n\t\t\t<div class=\"theplus-tabs-wrapper  elementor-tabs  nav-one-by-one\" id=\"tabs69d5aabcb78b7\" data-tabs-id=\"tabs69d5aabcb78b7\"  data-connection=\"\"   data-tab-default=\"0\" data-tab-hover=\"no\"  role=\"tablist\"><div class=\"theplus-tabs-nav-wrapper elementor-tabs-wrapper text-left\"><ul class=\"plus-tabs-nav\"><li class=\"\"><div id=\"elementor-tab-title-1021\" class=\"elementor-tab-title elementor-tab-desktop-title plus-tab-header\" data-tab=\"1\" tabindex=\"1021\" role=\"tab\" aria-controls=\"elementor-tab-content-1021\"><span><div class=\"tab-i\">  <img decoding=\"async\" src=\"\/wp-content\/uploads\/2021\/04\/shutterstock_1688397175-1.jpg\">     <h2>Matrixyl\u00ae<\/h2>     <div class=\"det\">Anti-rides  <img decoding=\"async\" src=\"\/wp-content\/uploads\/2021\/03\/Ellipse-23.svg\">Effet R\u00e9tinol sans irritation<\/div> <\/div><\/span><\/div><\/li><li class=\"\"><div id=\"elementor-tab-title-1022\" class=\"elementor-tab-title elementor-tab-desktop-title plus-tab-header\" data-tab=\"2\" tabindex=\"1022\" role=\"tab\" aria-controls=\"elementor-tab-content-1022\"><span><div class=\"tab-i\"> <img decoding=\"async\" src=\"\/wp-content\/uploads\/2021\/03\/shutterstock_1370319434-1.jpg\">     <h2>Snow Algae Powder<\/h2>     <div class=\"det\">Booster de collag\u00e8ne  <img decoding=\"async\" src=\"\/wp-content\/uploads\/2021\/03\/Ellipse-23.svg\"> Fermet\u00e9          <img decoding=\"async\" src=\"\/wp-content\/uploads\/2021\/03\/Ellipse-23.svg\"> R\u00e9g\u00e9n\u00e9ration <\/div> <\/div><\/span><\/div><\/li><li class=\"\"><div id=\"elementor-tab-title-1023\" class=\"elementor-tab-title elementor-tab-desktop-title plus-tab-header\" data-tab=\"3\" tabindex=\"1023\" role=\"tab\" aria-controls=\"elementor-tab-content-1023\"><span><div class=\"tab-i\"> <img decoding=\"async\" src=\"\/wp-content\/uploads\/2021\/03\/shutterstock_529847512-1.jpg\">     <h2>IceAwake\u2122<\/h2>     <div class=\"det\">Anti-rides <img decoding=\"async\" src=\"\/wp-content\/uploads\/2021\/03\/Ellipse-23.svg\"> Antioxydant <img decoding=\"async\" src=\"\/wp-content\/uploads\/2021\/03\/Ellipse-23.svg\"> \u00c9clat<\/div> <\/div><\/span><\/div><\/li><li class=\"\"><div id=\"elementor-tab-title-1024\" class=\"elementor-tab-title elementor-tab-desktop-title plus-tab-header\" data-tab=\"4\" tabindex=\"1024\" role=\"tab\" aria-controls=\"elementor-tab-content-1024\"><span><div class=\"tab-i\"> <img decoding=\"async\" src=\"\/wp-content\/uploads\/2021\/03\/shutterstock_1267237183-1.jpg\">     <h2>DracoBelle\u2122<\/h2>     <!-- <div class=\"aditional\">(Moldavian Dragonhead extract)<\/div> -->     <div class=\"det\">Hydratation intense <img decoding=\"async\" src=\"\/wp-content\/uploads\/2021\/03\/Ellipse-23.svg\"> Elasticit\u00e9 <img decoding=\"async\"             src=\"\/wp-content\/uploads\/2021\/03\/Ellipse-23.svg\"> Densit\u00e9<\/div> <\/div><\/span><\/div><\/li><\/ul><\/div><div class=\"theplus-tabs-content-wrapper  elementor-tabs-content-wrapper\"><div class=\"elementor-tab-title elementor-tab-mobile-title text-left\" tabindex=\"1021\" data-tab=\"1\" role=\"tab\"><span><div class=\"tab-i\">  <img decoding=\"async\" src=\"\/wp-content\/uploads\/2021\/04\/shutterstock_1688397175-1.jpg\">     <h2>Matrixyl\u00ae<\/h2>     <div class=\"det\">Anti-rides  <img decoding=\"async\" src=\"\/wp-content\/uploads\/2021\/03\/Ellipse-23.svg\">Effet R\u00e9tinol sans irritation<\/div> <\/div><\/span><\/div><div class=\"elementor-tab-content elementor-clearfix plus-tab-content\" data-tab=\"1\" role=\"tabpanel\"><div class=\"plus-content-editor\">\t\t<div data-elementor-type=\"section\" data-elementor-id=\"2128\" class=\"elementor elementor-2128\" data-elementor-post-type=\"elementor_library\">\n\t\t\t\t\t<section class=\"elementor-section elementor-top-section elementor-element elementor-element-6e948ad elementor-section-full_width one-i-m elementor-section-height-default elementor-section-height-default\" data-id=\"6e948ad\" data-element_type=\"section\">\n\t\t\t\t\t\t<div class=\"elementor-container elementor-column-gap-no\">\n\t\t\t\t\t<div class=\"elementor-column elementor-col-100 elementor-top-column elementor-element elementor-element-6b2b3af\" data-id=\"6b2b3af\" data-element_type=\"column\">\n\t\t\t<div class=\"elementor-widget-wrap elementor-element-populated\">\n\t\t\t\t\t\t<div class=\"elementor-element elementor-element-e88f11a elementor-widget elementor-widget-html\" data-id=\"e88f11a\" data-element_type=\"widget\" data-widget_type=\"html.default\">\n\t\t\t\t<div class=\"elementor-widget-container\">\n\t\t\t<div class=\"one-i\">\r\n<div class=\"col1\">\r\n<h2>Matrixyl\u00ae<\/h2>\r\n<h3>Alternative remarquable au R\u00e9tinol et \u00e0 la Vitamine C pour att\u00e9nuer les rides<\/h3>\r\nLa peptide MATRIXYL\u00ae poss\u00e8de une efficacit\u00e9 anti-rides prouv\u00e9e scientifiquement qui agit plus rapidement que le R\u00e9tinol. L'\u00e9paisseur de la peau augmente de 6,5% en 2 mois et de 8,6% en 4 mois. L'\u00e9valuation par les dermatologues confirme son puissant effet anti-rides. MATRIXYL\u00ae n'inclut pas les nombreuses r\u00e9actions pro-inflammatoires du R\u00e9tinol.\r\n\r\n<\/div>\r\n<div class=\"col2\"><img decoding=\"async\" src=\"\/wp-content\/uploads\/2021\/04\/shutterstock_1688397175-1.jpg\" alt=\"Matrixyl\u00ae\" \/><\/div>\r\n<\/div>\t\t<\/div>\n\t\t\t\t<\/div>\n\t\t\t\t\t<\/div>\n\t\t<\/div>\n\t\t\t\t\t<\/div>\n\t\t<\/section>\n\t\t\t\t<\/div>\n\t\t<\/div><\/div><div class=\"elementor-tab-title elementor-tab-mobile-title text-left\" tabindex=\"1022\" data-tab=\"2\" role=\"tab\"><span><div class=\"tab-i\"> <img decoding=\"async\" src=\"\/wp-content\/uploads\/2021\/03\/shutterstock_1370319434-1.jpg\">     <h2>Snow Algae Powder<\/h2>     <div class=\"det\">Booster de collag\u00e8ne  <img decoding=\"async\" src=\"\/wp-content\/uploads\/2021\/03\/Ellipse-23.svg\"> Fermet\u00e9          <img decoding=\"async\" src=\"\/wp-content\/uploads\/2021\/03\/Ellipse-23.svg\"> R\u00e9g\u00e9n\u00e9ration <\/div> <\/div><\/span><\/div><div class=\"elementor-tab-content elementor-clearfix plus-tab-content\" data-tab=\"2\" role=\"tabpanel\"><div class=\"plus-content-editor\">\t\t<div data-elementor-type=\"section\" data-elementor-id=\"2132\" class=\"elementor elementor-2132\" data-elementor-post-type=\"elementor_library\">\n\t\t\t\t\t<section class=\"elementor-section elementor-top-section elementor-element elementor-element-469cd7d elementor-section-full_width one-i-m elementor-section-height-default elementor-section-height-default\" data-id=\"469cd7d\" data-element_type=\"section\">\n\t\t\t\t\t\t<div class=\"elementor-container elementor-column-gap-no\">\n\t\t\t\t\t<div class=\"elementor-column elementor-col-100 elementor-top-column elementor-element elementor-element-7d39225\" data-id=\"7d39225\" data-element_type=\"column\">\n\t\t\t<div class=\"elementor-widget-wrap elementor-element-populated\">\n\t\t\t\t\t\t<div class=\"elementor-element elementor-element-017b3a7 elementor-widget elementor-widget-html\" data-id=\"017b3a7\" data-element_type=\"widget\" data-widget_type=\"html.default\">\n\t\t\t\t<div class=\"elementor-widget-container\">\n\t\t\t<div class=\"one-i\">\r\n<div class=\"col1\">\r\n<h2>Snow Algae Powder<\/h2>\r\n<h3>Le secret des algues des neiges extremophiles: la long\u00e9vit\u00e9 cellulaire de la peau<\/h3>\r\nL'ingr\u00e9dient biotechnologique Suisse, Snow Algae Powder am\u00e9liore la structure de la peau, ralentit le processus de vieillissement cellulaire et intensifie la production de collag\u00e8ne. Snow Algae Powder neutralise la d\u00e9shydratation, revigore le processus naturel de division cellulaire et rajeunit et prot\u00e8ge la peau au niveau cellulaire.\r\n\r\n<\/div>\r\n<div class=\"col2\"><img decoding=\"async\" src=\"\/wp-content\/uploads\/2021\/03\/shutterstock_1370319434-1.jpg\" alt=\"Snow Algae Powder\" \/><\/div>\r\n<\/div>\t\t<\/div>\n\t\t\t\t<\/div>\n\t\t\t\t\t<\/div>\n\t\t<\/div>\n\t\t\t\t\t<\/div>\n\t\t<\/section>\n\t\t\t\t<\/div>\n\t\t<\/div><\/div><div class=\"elementor-tab-title elementor-tab-mobile-title text-left\" tabindex=\"1023\" data-tab=\"3\" role=\"tab\"><span><div class=\"tab-i\"> <img decoding=\"async\" src=\"\/wp-content\/uploads\/2021\/03\/shutterstock_529847512-1.jpg\">     <h2>IceAwake\u2122<\/h2>     <div class=\"det\">Anti-rides <img decoding=\"async\" src=\"\/wp-content\/uploads\/2021\/03\/Ellipse-23.svg\"> Antioxydant <img decoding=\"async\" src=\"\/wp-content\/uploads\/2021\/03\/Ellipse-23.svg\"> \u00c9clat<\/div> <\/div><\/span><\/div><div class=\"elementor-tab-content elementor-clearfix plus-tab-content\" data-tab=\"3\" role=\"tabpanel\"><div class=\"plus-content-editor\">\t\t<div data-elementor-type=\"section\" data-elementor-id=\"2135\" class=\"elementor elementor-2135\" data-elementor-post-type=\"elementor_library\">\n\t\t\t\t\t<section class=\"elementor-section elementor-top-section elementor-element elementor-element-91d3e9c elementor-section-full_width one-i-m elementor-section-height-default elementor-section-height-default\" data-id=\"91d3e9c\" data-element_type=\"section\">\n\t\t\t\t\t\t<div class=\"elementor-container elementor-column-gap-no\">\n\t\t\t\t\t<div class=\"elementor-column elementor-col-100 elementor-top-column elementor-element elementor-element-9fe655a\" data-id=\"9fe655a\" data-element_type=\"column\">\n\t\t\t<div class=\"elementor-widget-wrap elementor-element-populated\">\n\t\t\t\t\t\t<div class=\"elementor-element elementor-element-3718ba7 elementor-widget elementor-widget-html\" data-id=\"3718ba7\" data-element_type=\"widget\" data-widget_type=\"html.default\">\n\t\t\t\t<div class=\"elementor-widget-container\">\n\t\t\t<div class=\"one-i\">\r\n<div class=\"col1\">\r\n<h2>IceAwake\u2122<\/h2>\r\n<h3>Extrait des glaciers Suisses pour lutter contre le vieillissement cellulaire des peaux fatigu\u00e9es<\/h3>\r\nDans deux \u00e9tudes cliniques sur des volontaires f\u00e9minins et masculins asiatiques et caucasiens, IceAwake\u2122 a visiblement rajeuni leur apparence apr\u00e8s seulement 14 jours. IceAwake\u2122 a diminu\u00e9 la profondeur des rides de 15,9% par rapport aux conditions initiales. IceAwake\u2122 a augment\u00e9 l'\u00e9clat et r\u00e9duit l'apparence fatigu\u00e9e chez 71% des volontaires malgr\u00e9 leur mode de vie chaotique.\r\n\r\n<\/div>\r\n<div class=\"col2\"><img decoding=\"async\" src=\"\/wp-content\/uploads\/2021\/03\/shutterstock_529847512-1.jpg\" alt=\"IceAwake\u2122\" \/><\/div>\r\n<\/div>\t\t<\/div>\n\t\t\t\t<\/div>\n\t\t\t\t\t<\/div>\n\t\t<\/div>\n\t\t\t\t\t<\/div>\n\t\t<\/section>\n\t\t\t\t<\/div>\n\t\t<\/div><\/div><div class=\"elementor-tab-title elementor-tab-mobile-title text-left\" tabindex=\"1024\" data-tab=\"4\" role=\"tab\"><span><div class=\"tab-i\"> <img decoding=\"async\" src=\"\/wp-content\/uploads\/2021\/03\/shutterstock_1267237183-1.jpg\">     <h2>DracoBelle\u2122<\/h2>     <!-- <div class=\"aditional\">(Moldavian Dragonhead extract)<\/div> -->     <div class=\"det\">Hydratation intense <img decoding=\"async\" src=\"\/wp-content\/uploads\/2021\/03\/Ellipse-23.svg\"> Elasticit\u00e9 <img decoding=\"async\"             src=\"\/wp-content\/uploads\/2021\/03\/Ellipse-23.svg\"> Densit\u00e9<\/div> <\/div><\/span><\/div><div class=\"elementor-tab-content elementor-clearfix plus-tab-content\" data-tab=\"4\" role=\"tabpanel\"><div class=\"plus-content-editor\">\t\t<div data-elementor-type=\"section\" data-elementor-id=\"2138\" class=\"elementor elementor-2138\" data-elementor-post-type=\"elementor_library\">\n\t\t\t\t\t<section class=\"elementor-section elementor-top-section elementor-element elementor-element-5cf94c4 elementor-section-full_width one-i-m elementor-section-height-default elementor-section-height-default\" data-id=\"5cf94c4\" data-element_type=\"section\">\n\t\t\t\t\t\t<div class=\"elementor-container elementor-column-gap-no\">\n\t\t\t\t\t<div class=\"elementor-column elementor-col-100 elementor-top-column elementor-element elementor-element-eeec849\" data-id=\"eeec849\" data-element_type=\"column\">\n\t\t\t<div class=\"elementor-widget-wrap elementor-element-populated\">\n\t\t\t\t\t\t<div class=\"elementor-element elementor-element-87de726 elementor-widget elementor-widget-html\" data-id=\"87de726\" data-element_type=\"widget\" data-widget_type=\"html.default\">\n\t\t\t\t<div class=\"elementor-widget-container\">\n\t\t\t<div class=\"one-i\">\r\n<div class=\"col1\">\r\n<h2>DracoBelle\u2122<\/h2>\r\n\r\n<h3>M\u00e9lisse de Moldavie, biotechnologie anti-\u00e2ge Suisse  \u2013 Booster cellulaire de Collag\u00e8ne<\/h3>\r\n\r\nDracoBelle\u2122 est un ingr\u00e9dient anti-\u00e2ge naturel qui booste la densit\u00e9 du collag\u00e8ne, la r\u00e9paration de l'ADN, la d\u00e9fense cellulaire et la r\u00e9sistance au stress oxydatif. Cliniquement d\u00e9montr\u00e9, DracoBelle\u2122 am\u00e9liore l'hydratation de la peau de 14,4%, l'\u00e9lasticit\u00e9 de 6,7% et la densit\u00e9 de 2,5%. Pour une peau pleine de jeunesse et \u00e9clatante de sant\u00e9.\r\n<\/div>\r\n<div class=\"col2\"><img decoding=\"async\" src=\"\/wp-content\/uploads\/2021\/03\/shutterstock_1267237183-1.jpg\" alt=\"DracoBelle\u2122 Nu\" \/><\/div>\r\n<\/div>\t\t<\/div>\n\t\t\t\t<\/div>\n\t\t\t\t\t<\/div>\n\t\t<\/div>\n\t\t\t\t\t<\/div>\n\t\t<\/section>\n\t\t\t\t<\/div>\n\t\t<\/div><\/div><\/div><\/div>\t\t<\/div>\n\t\t\t\t<\/div>\n\t\t\t\t<div class=\"elementor-element elementor-element-6cecdaa elementor-widget elementor-widget-html\" data-id=\"6cecdaa\" data-element_type=\"widget\" data-widget_type=\"html.default\">\n\t\t\t\t<div class=\"elementor-widget-container\">\n\t\t\t<script>\r\n    jQuery(document).ready(function () {\r\n        if (window.matchMedia(\"(min-width:1601px)\").matches) {\r\n            jQuery('.plus-tabs-nav').slick({\r\n                arrows: true,\r\n                infinite: false,\r\n                speed: 300,\r\n                initialSlide: 0,\r\n                slidesToShow: 4,\r\n                slidesToScroll: 1,\r\n                prevArrow:\r\n                    \"<button type='button' class='slick-prev left-s-btn pull-left'> <\/button>\",\r\n                nextArrow:\r\n                    \"<button type='button' class='slick-next right-s-btn pull-right'> <\/button>\",\r\n            });\r\n        } else if (window.matchMedia(\"(min-width: 1025px)\").matches) {\r\n            jQuery('.plus-tabs-nav').slick({\r\n                arrows: true,\r\n                infinite: false,\r\n                speed: 500,\r\n                initialSlide: 0,\r\n                slidesToShow: 4,\r\n                slidesToScroll: 1,\r\n                prevArrow:\r\n                    \"<button type='button' class='slick-prev left-s-btn pull-left'> <\/button>\",\r\n                nextArrow:\r\n                    \"<button type='button' class='slick-next right-s-btn pull-right'> <\/button>\",\r\n            });\r\n        } else if (window.matchMedia(\"(min-width: 768px)\").matches) {\r\n            jQuery('.plus-tabs-nav').slick({\r\n                arrows: true,\r\n                infinite: false,\r\n                speed: 500,\r\n                initialSlide: 0,\r\n                slidesToShow: 2,\r\n                slidesToScroll: 1,\r\n                prevArrow:\r\n                    \"<button type='button' class='slick-prev left-s-btn pull-left'> <\/button>\",\r\n                nextArrow:\r\n                    \"<button type='button' class='slick-next right-s-btn pull-right'> <\/button>\",\r\n            });\r\n        } else {\r\n            jQuery('.plus-tabs-nav').slick({\r\n                arrows: true,\r\n                infinite: false,\r\n                speed: 300,\r\n                initialSlide: 0,\r\n                slidesToShow: 2,\r\n                slidesToScroll: 1,\r\n                prevArrow:\r\n                    \"<button type='button' class='slick-prev left-s-btn pull-left'> <\/button>\",\r\n                nextArrow:\r\n                    \"<button type='button' class='slick-next right-s-btn pull-right'> <\/button>\",\r\n            });\r\n        }\r\n\r\n    });\r\n<\/script>\r\n\r\n\r\n<script src=\"\/wp-content\/plugins\/jet-engine\/assets\/lib\/slick\/slick.min.js\"><\/script>\t\t<\/div>\n\t\t\t\t<\/div>\n\t\t\t\t\t<\/div>\n\t\t<\/div>\n\t\t\t\t\t<\/div>\n\t\t<\/section>\n\t\t\t\t<\/div>","protected":false},"excerpt":{"rendered":"<p>CELLULAR KNOW-HOW CELLULAR EXPERTISE OF THE MOUNTAINS AND GLACIERS EXTREME NATURE A cellular fusion between the\u00a0power of\u00a0the extreme nature, exceptional botanical medicine and high-performance anti-aging ingredients, we pioneers the future of cellular anti-aging nutricosmetics and skincare. Our science is mostly based on patented biotechnological ingredients issued from plants living in extreme environments that assist survival [&hellip;]<\/p>","protected":false},"author":1,"featured_media":2031,"parent":0,"menu_order":0,"comment_status":"closed","ping_status":"closed","template":"","meta":{"_acf_changed":false,"_mo_disable_npp":"","_jf_save_progress":"","footnotes":""},"acf":[],"_links":{"self":[{"href":"https:\/\/ingredientsecret.com\/fr\/wp-json\/wp\/v2\/pages\/1243"}],"collection":[{"href":"https:\/\/ingredientsecret.com\/fr\/wp-json\/wp\/v2\/pages"}],"about":[{"href":"https:\/\/ingredientsecret.com\/fr\/wp-json\/wp\/v2\/types\/page"}],"author":[{"embeddable":true,"href":"https:\/\/ingredientsecret.com\/fr\/wp-json\/wp\/v2\/users\/1"}],"replies":[{"embeddable":true,"href":"https:\/\/ingredientsecret.com\/fr\/wp-json\/wp\/v2\/comments?post=1243"}],"version-history":[{"count":4,"href":"https:\/\/ingredientsecret.com\/fr\/wp-json\/wp\/v2\/pages\/1243\/revisions"}],"predecessor-version":[{"id":12987,"href":"https:\/\/ingredientsecret.com\/fr\/wp-json\/wp\/v2\/pages\/1243\/revisions\/12987"}],"wp:featuredmedia":[{"embeddable":true,"href":"https:\/\/ingredientsecret.com\/fr\/wp-json\/wp\/v2\/media\/2031"}],"wp:attachment":[{"href":"https:\/\/ingredientsecret.com\/fr\/wp-json\/wp\/v2\/media?parent=1243"}],"curies":[{"name":"wp","href":"https:\/\/api.w.org\/{rel}","templated":true}]}}