{"id":33,"date":"2021-03-16T22:38:22","date_gmt":"2021-03-16T21:38:22","guid":{"rendered":"https:\/\/ingredientsecret.com\/?page_id=33"},"modified":"2023-10-10T20:47:18","modified_gmt":"2023-10-10T18:47:18","slug":"contact","status":"publish","type":"page","link":"https:\/\/ingredientsecret.com\/fr\/contact\/","title":{"rendered":"Contact"},"content":{"rendered":"<div data-elementor-type=\"wp-page\" data-elementor-id=\"33\" class=\"elementor elementor-33\" data-elementor-post-type=\"page\">\n\t\t\t\t\t\t<section class=\"elementor-section elementor-top-section elementor-element elementor-element-44b3fd79 first-s elementor-section-boxed elementor-section-height-default elementor-section-height-default\" data-id=\"44b3fd79\" data-element_type=\"section\" data-settings=\"{&quot;background_background&quot;:&quot;classic&quot;}\">\n\t\t\t\t\t\t<div class=\"elementor-container elementor-column-gap-no\">\n\t\t\t\t\t<div class=\"elementor-column elementor-col-100 elementor-top-column elementor-element elementor-element-bd96688\" data-id=\"bd96688\" data-element_type=\"column\">\n\t\t\t<div class=\"elementor-widget-wrap elementor-element-populated\">\n\t\t\t\t\t\t<div class=\"elementor-element elementor-element-21a5a5c6 elementor-widget elementor-widget-heading\" data-id=\"21a5a5c6\" data-element_type=\"widget\" data-widget_type=\"heading.default\">\n\t\t\t\t<div class=\"elementor-widget-container\">\n\t\t\t<h1 class=\"elementor-heading-title elementor-size-default\">Contact - Consommateur<\/h1>\t\t<\/div>\n\t\t\t\t<\/div>\n\t\t\t\t<div class=\"elementor-element elementor-element-776d89a elementor-widget elementor-widget-html\" data-id=\"776d89a\" data-element_type=\"widget\" data-widget_type=\"html.default\">\n\t\t\t\t<div class=\"elementor-widget-container\">\n\t\t\t<div class=\"please-fill\">\r\n    <div>Veuillez remplir le formulaire et le service \nclient vous r\u00e9pondra dans les plus brefs d\u00e9lais.<\/div>\r\n    <small>*Les informations demand\u00e9es sur le formulaire ne seront pas collect\u00e9es et utilis\u00e9es \u00e0 des fins commerciales ou marketing<\/small>\r\n<\/div> \t\t<\/div>\n\t\t\t\t<\/div>\n\t\t\t\t<div class=\"elementor-element elementor-element-7ea669ac elementor-widget elementor-widget-text-editor\" data-id=\"7ea669ac\" data-element_type=\"widget\" data-widget_type=\"text-editor.default\">\n\t\t\t\t<div class=\"elementor-widget-container\">\n\t\t\t\t\t\t\t<p><a href=\"mailto:contact@ingredientsecret.com\">contact@ingredientsecret.com<\/a><\/p>\t\t\t\t\t\t<\/div>\n\t\t\t\t<\/div>\n\t\t\t\t<div class=\"elementor-element elementor-element-66312cb contact_form elementor-widget elementor-widget-jet-form-builder-form\" data-id=\"66312cb\" data-element_type=\"widget\" id=\"contact_form\" data-widget_type=\"jet-form-builder-form.default\">\n\t\t\t\t<div class=\"elementor-widget-container\">\n\t\t\t<link rel='stylesheet' id='wp-block-library-css' href='https:\/\/ingredientsecret.com\/wp-includes\/css\/dist\/block-library\/style.min.css?ver=6.5' type='text\/css' media='all' \/>\n<style id=\"jet-form-builder-12734-inline-css\"><\/style><form  class=\"jet-form-builder layout-column submit-type-ajax\" action=\"https:\/\/ingredientsecret.com\/fr\/wp-json\/wp\/v2\/pages\/33\/?jet_form_builder_submit=submit&#038;method=reload\" method=\"POST\" data-form-id=\"12734\" data-layout=\"column\" enctype=\"multipart\/form-data\" data-clear=\"1\" novalidate=\"null\" data-trp-original-action=\"https:\/\/ingredientsecret.com\/fr\/wp-json\/wp\/v2\/pages\/33\/?jet_form_builder_submit=submit&amp;method=reload\"><input type=\"hidden\" class=\"jet-form-builder__field hidden-field\" name=\"_jfb_csrf_token\" data-field-name=\"_jfb_csrf_token\" value=\"b6ec9943f3ebc9525c389302bac2ab7c\">\n\r\n<input type=\"hidden\" name=\"_jfb_current_render_states[]\" value=\"DEFAULT.STATE\" data-jfb-sync \/><input type=\"hidden\" class=\"jet-form-builder__field hidden-field\" name=\"_jet_engine_booking_form_id\" data-field-name=\"_jet_engine_booking_form_id\" value=\"12734\">\n<input type=\"hidden\" class=\"jet-form-builder__field hidden-field\" name=\"_jet_engine_refer\" data-field-name=\"_jet_engine_refer\" value=\"https:\/\/ingredientsecret.com\/fr\/wp-json\/wp\/v2\/pages\/33\/\">\n<input type=\"hidden\" class=\"jet-form-builder__field hidden-field\" name=\"__queried_post_id\" data-field-name=\"__queried_post_id\" value=\"33\">\n<div class=\"jet-form-builder-progress-pages jfb-progress-type--default jet-form-builder-progress-pages--global\" data-type=\"default\">\t<div class=\"jet-form-builder-progress-pages__item--wrapper active-page\" data-page=\"1\">\n\t\t<div class=\"jet-form-builder-progress-pages__item\">\n\t\t\t<div class=\"jet-form-builder-progress-pages__item--circle\">1<\/div>\n\t\t\t<div class=\"jet-form-builder-progress-pages__item--label\"><\/div>\n\t\t<\/div>\n\t\t\t\t\t<div class=\"jet-form-builder-progress-pages__separator\"><\/div>\n\t\t\t<\/div>\n\t\t<div class=\"jet-form-builder-progress-pages__item--wrapper\" data-page=\"2\">\n\t\t<div class=\"jet-form-builder-progress-pages__item\">\n\t\t\t<div class=\"jet-form-builder-progress-pages__item--circle\">2<\/div>\n\t\t\t<div class=\"jet-form-builder-progress-pages__item--label\"><\/div>\n\t\t<\/div>\n\t\t\t\t\t<div class=\"jet-form-builder-progress-pages__separator\"><\/div>\n\t\t\t<\/div>\n\t\t<div class=\"jet-form-builder-progress-pages__item--wrapper\" data-page=\"3\">\n\t\t<div class=\"jet-form-builder-progress-pages__item\">\n\t\t\t<div class=\"jet-form-builder-progress-pages__item--circle\">3<\/div>\n\t\t\t<div class=\"jet-form-builder-progress-pages__item--label\">Last Page<\/div>\n\t\t<\/div>\n\t\t\t<\/div>\n\t<\/div><div class=\"jet-form-builder-page\" data-page=\"1\" data-page-offset=\"75\"><div  data-validation-type=\"inherit\" class=\"jet-form-builder-row field-type-radio-field wp-block-jet-forms-radio-field\">\n<div class=\"jet-form-builder__label\">\r\n<div class=\"jet-form-builder__label-text\">Titre<\/div><\/div><div class=\"jet-form-builder__fields-group checkradio-wrap\" data-jfb-sync><div class=\"jet-form-builder__field-wrap radio-wrap checkradio-wrap\"><label class=\"jet-form-builder__field-label for-radio\">\n<input type=\"radio\" name=\"gender\" value=\"ms\" data-field-name=\"gender\"  class=\"jet-form-builder__field radio-field checkradio-field\"><span> Mle<\/span><\/label><\/div><div class=\"jet-form-builder__field-wrap radio-wrap checkradio-wrap\"><label class=\"jet-form-builder__field-label for-radio\">\n<input type=\"radio\" name=\"gender\" value=\"mrs\" data-field-name=\"gender\"  class=\"jet-form-builder__field radio-field checkradio-field\"><span>Mme<\/span><\/label><\/div><div class=\"jet-form-builder__field-wrap radio-wrap checkradio-wrap\"><label class=\"jet-form-builder__field-label for-radio\">\n<input type=\"radio\" name=\"gender\" value=\"mr\" data-field-name=\"gender\"  class=\"jet-form-builder__field radio-field checkradio-field\"><span>M.<\/span><\/label><\/div><\/div>\n<\/div>\n\n\n<div class=\"wp-block-columns half-fields-wrapper is-layout-flex wp-container-core-columns-is-layout-1 wp-block-columns-is-layout-flex\">\n<div class=\"wp-block-column is-layout-flow wp-block-column-is-layout-flow\"><div  data-validation-type=\"inherit\" class=\"jet-form-builder-row field-type-text-field\" >\n<div class=\"jet-form-builder__label\">\r\n<div class=\"jet-form-builder__label-text\">Votre nom <span class=\"jet-form-builder__required\">*<\/span><\/div><\/div><div class=\"jet-form-builder__field-wrap\">\n\t<input placeholder=\"Votre nom\" required=\"required\" name=\"first_name\" id=\"first_name\" type=\"text\" data-field-name=\"first_name\" class=\"jet-form-builder__field text-field\" data-jfb-sync=\"null\">\n<\/div>\n<\/div><\/div>\n\n\n\n<div class=\"wp-block-column is-layout-flow wp-block-column-is-layout-flow\"><div  data-validation-type=\"inherit\" class=\"jet-form-builder-row field-type-text-field\" >\n<div class=\"jet-form-builder__label\">\r\n<div class=\"jet-form-builder__label-text\">Votre pr\u00e9nom <span class=\"jet-form-builder__required\">*<\/span><\/div><\/div><div class=\"jet-form-builder__field-wrap\">\n\t<input placeholder=\"Votre pr\u00e9nom\" required=\"required\" name=\"last_name\" id=\"last_name\" type=\"text\" data-field-name=\"last_name\" class=\"jet-form-builder__field text-field\" data-jfb-sync=\"null\">\n<\/div>\n<\/div><\/div>\n<\/div>\n\n\n\n<div class=\"wp-block-columns half-fields-wrapper is-layout-flex wp-container-core-columns-is-layout-2 wp-block-columns-is-layout-flex\">\n<div class=\"wp-block-column is-layout-flow wp-block-column-is-layout-flow\"><div  data-validation-type=\"inherit\" class=\"jet-form-builder-row field-type-text-field\" >\n<div class=\"jet-form-builder__label\">\r\n<div class=\"jet-form-builder__label-text\">Email <span class=\"jet-form-builder__required\">*<\/span><\/div><\/div><div class=\"jet-form-builder__field-wrap\">\n\t<input placeholder=\"Adresse e-mail\" required=\"required\" name=\"email_address\" id=\"email_address\" type=\"email\" data-field-name=\"email_address\" class=\"jet-form-builder__field text-field\" data-jfb-sync=\"null\">\n<\/div>\n<\/div><\/div>\n\n\n\n<div class=\"wp-block-column is-layout-flow wp-block-column-is-layout-flow\"><div  data-validation-type=\"inherit\" class=\"jet-form-builder-row field-type-text-field\" >\n<div class=\"jet-form-builder__label\">\r\n<div class=\"jet-form-builder__label-text\">Num\u00e9ro de t\u00e9l\u00e9phone <span class=\"jet-form-builder__required\">*<\/span><\/div><\/div><div class=\"jet-form-builder__field-wrap\">\n\t<input placeholder=\"Num\u00e9ro de t\u00e9l\u00e9phone\" required=\"required\" name=\"phone_number\" id=\"phone_number\" type=\"tel\" data-field-name=\"phone_number\" class=\"jet-form-builder__field text-field\" data-jfb-sync=\"null\">\n<\/div>\n<\/div><\/div>\n<\/div>\n\n\n<div class=\"jet-form-builder__next-page-wrap\">\n\t\t\t\t\t<button data-jfb-conditional=\"[{&quot;page_state&quot;:&quot;active&quot;}]\" data-jfb-func=\"disable\" class=\"jet-form-builder__next-page\" type=\"button\">Suivant<\/button>\n\t<\/div>\n<\/div>\n<div class=\"jet-form-builder-page jet-form-builder-page--hidden\" data-page=\"2\" data-page-offset=\"75\">\n\n<div  data-validation-type=\"inherit\" class=\"jet-form-builder-row field-type-text-field\" >\n<div class=\"jet-form-builder__label\">\r\n<div class=\"jet-form-builder__label-text\">Adresse<\/div><\/div><div class=\"jet-form-builder__field-wrap\">\n\t<input placeholder=\"Votre adresse\" name=\"address\" id=\"address\" type=\"text\" data-field-name=\"address\" class=\"jet-form-builder__field text-field\" data-jfb-sync=\"null\">\n<\/div>\n<\/div>\n\n<div  data-validation-type=\"inherit\" class=\"jet-form-builder-row field-type-text-field\" >\n<div class=\"jet-form-builder__label\">\r\n<div class=\"jet-form-builder__label-text\">Code postal - Ville<\/div><\/div><div class=\"jet-form-builder__field-wrap\">\n\t<input placeholder=\"Code postal - Ville\" name=\"postal_code\" id=\"postal_code\" type=\"text\" data-field-name=\"postal_code\" class=\"jet-form-builder__field text-field\" data-jfb-sync=\"null\">\n<\/div>\n<\/div>\n\n<div  data-validation-type=\"inherit\" class=\"jet-form-builder-row field-type-text-field\" >\n<div class=\"jet-form-builder__label\">\r\n<div class=\"jet-form-builder__label-text\">Pays<\/div><\/div><div class=\"jet-form-builder__field-wrap\">\n\t<input placeholder=\"Pays\" name=\"country\" id=\"country\" type=\"text\" data-field-name=\"country\" class=\"jet-form-builder__field text-field\" data-jfb-sync=\"null\">\n<\/div>\n<\/div>\n\n<div class=\"jet-form-builder__next-page-wrap\">\n\t\t<button type=\"button\" class=\"jet-form-builder__prev-page\" data-to-page=\"1\">Back<\/button>\t\t\t<button data-jfb-conditional=\"[{&quot;page_state&quot;:&quot;active&quot;}]\" data-jfb-func=\"disable\" class=\"jet-form-builder__next-page\" type=\"button\">Suivant<\/button>\n\t<\/div>\n<\/div>\n<div class=\"jet-form-builder-page jet-form-builder-page--hidden\" data-page=\"3\" data-page-offset=\"75\">\n\n<div  data-validation-type=\"inherit\" class=\"jet-form-builder-row field-type-textarea-field\" >\n<div class=\"jet-form-builder__label\">\r\n<div class=\"jet-form-builder__label-text\">Un message<\/div><\/div><div class=\"jet-form-builder__field-wrap\">\n\t<textarea class=\"jet-form-builder__field textarea-field message_field\" placeholder=\"Votre message\" name=\"message\" data-field-name=\"message\" id=\"message\" data-jfb-sync=\"null\"><\/textarea>\n<\/div>\n<\/div>\n\n\n<div class=\"wp-block-columns how_find_us_wrapper is-layout-flex wp-container-core-columns-is-layout-3 wp-block-columns-is-layout-flex\">\n<div class=\"wp-block-column is-layout-flow wp-block-column-is-layout-flow\" style=\"flex-basis:100%\"><div  data-validation-type=\"inherit\" class=\"jet-form-builder-row field-type-radio-field wp-block-jet-forms-radio-field\">\n<div class=\"jet-form-builder__label\">\r\n<div class=\"jet-form-builder__label-text\">Comment avez-vous entendu parler d'Ingr\u00e9dient Secret?<div class=\"elementor-field-subgroup\" style=\"display: flex;flex-wrap: wrap;flex-basis: 100%;max-width: 100%;margin-top: 10px;font-size: 0.95em;text-transform: none\"><\/div><\/div><\/div><div class=\"jet-form-builder__fields-group checkradio-wrap\" data-jfb-sync><div class=\"jet-form-builder__field-wrap radio-wrap checkradio-wrap\"><label class=\"jet-form-builder__field-label for-radio\">\n<input type=\"radio\" name=\"how_did_you_hear_about_ingredient_secret_div_class_elementor_field__\" value=\"pharmacy_consulting\" data-field-name=\"how_did_you_hear_about_ingredient_secret_div_class_elementor_field__\"  class=\"jet-form-builder__field radio-field checkradio-field how_find_us\"><span>Conseil en pharmacie<\/span><\/label><\/div><div class=\"jet-form-builder__field-wrap radio-wrap checkradio-wrap\"><label class=\"jet-form-builder__field-label for-radio\">\n<input type=\"radio\" name=\"how_did_you_hear_about_ingredient_secret_div_class_elementor_field__\" value=\"medical_prescription\" data-field-name=\"how_did_you_hear_about_ingredient_secret_div_class_elementor_field__\"  class=\"jet-form-builder__field radio-field checkradio-field how_find_us\"><span>Prescription m\u00e9dicale d'un professionnel de sant\u00e9<\/span><\/label><\/div><div class=\"jet-form-builder__field-wrap radio-wrap checkradio-wrap\"><label class=\"jet-form-builder__field-label for-radio\">\n<input type=\"radio\" name=\"how_did_you_hear_about_ingredient_secret_div_class_elementor_field__\" value=\"press_internet_social\" data-field-name=\"how_did_you_hear_about_ingredient_secret_div_class_elementor_field__\"  class=\"jet-form-builder__field radio-field checkradio-field how_find_us\"><span>Presse, internet ou r\u00e9seaux sociaux<\/span><\/label><\/div><div class=\"jet-form-builder__field-wrap radio-wrap checkradio-wrap\"><label class=\"jet-form-builder__field-label for-radio\">\n<input type=\"radio\" name=\"how_did_you_hear_about_ingredient_secret_div_class_elementor_field__\" value=\"general_reputation\" data-field-name=\"how_did_you_hear_about_ingredient_secret_div_class_elementor_field__\"  class=\"jet-form-builder__field radio-field checkradio-field how_find_us\"><span>R\u00e9putation ou recommandation d\u2019une amie<\/span><\/label><\/div><div class=\"jet-form-builder__field-wrap radio-wrap checkradio-wrap\"><label class=\"jet-form-builder__field-label for-radio\">\n<input type=\"radio\" name=\"how_did_you_hear_about_ingredient_secret_div_class_elementor_field__\" value=\"other\" data-field-name=\"how_did_you_hear_about_ingredient_secret_div_class_elementor_field__\"  class=\"jet-form-builder__field radio-field checkradio-field how_find_us\"><span>Autre<\/span><\/label><\/div><\/div>\n<\/div><\/div>\n<\/div>\n\n\n\n<p>*Les informations demand\u00e9es sur le formulaire ne seront pas collect\u00e9es ou utilis\u00e9es \u00e0 des fins commerciales ou marketing<\/p>\n\n\n\n<div class=\"jet-form-builder-row captcha-token-container\" data-validation-type=\"inherit\">\n\t<input type=\"hidden\" class=\"captcha-token\" name=\"_captcha_token\" value=\"\" data-jfb-sync required=\"required\">\n<\/div>\n\n\n<div  data-validation-type=\"inherit\" class=\"jet-form-builder-row field-type-submit-field\" >\n\t<div data-type=\"submit\" class=\"jet-form-builder__action-button-wrapper jet-form-builder__submit-wrap has-prev\">\n<button type=\"button\" class=\"jet-form-builder__prev-page\" data-to-page=\"2\">Back<\/button>\t<button class=\"jet-form-builder__action-button jet-form-builder__submit submit-type-ajax\" type=\"submit\">Soumettre<\/button>\n\t<\/div>\n\t\n<\/div><\/div>\t<div class=\"jet-form-builder-messages-wrap\" data-form-id=\"12734\"><\/div>\n<input type=\"hidden\" name=\"trp-form-language\" value=\"fr\"\/><\/form>\n\t\t<\/div>\n\t\t\t\t<\/div>\n\t\t\t\t\t<\/div>\n\t\t<\/div>\n\t\t\t\t\t<\/div>\n\t\t<\/section>\n\t\t\t\t<\/div>","protected":false},"excerpt":{"rendered":"<p>Contact &#8211; for customers Please fill out the form and the customer service will respond you in the briefest of delays. *The requested information on the form will not be collected or use for commercial or marketing purpose contact@ingredientsecret.com 1 2 3 Last Page Title Ms Mrs Mr First name * Last name * Email [&hellip;]<\/p>","protected":false},"author":1,"featured_media":0,"parent":0,"menu_order":0,"comment_status":"closed","ping_status":"closed","template":"","meta":{"_acf_changed":false,"_mo_disable_npp":"","_jf_save_progress":"","footnotes":""},"acf":[],"_links":{"self":[{"href":"https:\/\/ingredientsecret.com\/fr\/wp-json\/wp\/v2\/pages\/33"}],"collection":[{"href":"https:\/\/ingredientsecret.com\/fr\/wp-json\/wp\/v2\/pages"}],"about":[{"href":"https:\/\/ingredientsecret.com\/fr\/wp-json\/wp\/v2\/types\/page"}],"author":[{"embeddable":true,"href":"https:\/\/ingredientsecret.com\/fr\/wp-json\/wp\/v2\/users\/1"}],"replies":[{"embeddable":true,"href":"https:\/\/ingredientsecret.com\/fr\/wp-json\/wp\/v2\/comments?post=33"}],"version-history":[{"count":0,"href":"https:\/\/ingredientsecret.com\/fr\/wp-json\/wp\/v2\/pages\/33\/revisions"}],"wp:attachment":[{"href":"https:\/\/ingredientsecret.com\/fr\/wp-json\/wp\/v2\/media?parent=33"}],"curies":[{"name":"wp","href":"https:\/\/api.w.org\/{rel}","templated":true}]}}