{"id":6304,"date":"2021-10-27T23:39:10","date_gmt":"2021-10-27T21:39:10","guid":{"rendered":"https:\/\/ingredientsecret.com\/?page_id=6304"},"modified":"2023-09-05T17:01:54","modified_gmt":"2023-09-05T15:01:54","slug":"data-protection-policy","status":"publish","type":"page","link":"https:\/\/ingredientsecret.com\/fr\/data-protection-policy\/","title":{"rendered":"Politique de confidentialit\u00e9"},"content":{"rendered":"<p>Conform\u00e9ment aux dispositions de la loi n\u00b078-17 du 6 janvier 1978 modifi\u00e9e par la loi n\u00b02018-493 du 20 juin 2018, nous vous informons que les traitements de donn\u00e9es personnelles collect\u00e9es \u00e0 partir du site Internet accessible \u00e0 l\u2019adresse www. ingredientsecret.com (ci-apr\u00e8s le \u00ab Site \u00bb) sont mis en \u0153uvre dans les conditions de la pr\u00e9sente politique de confidentialit\u00e9 (ci-apr\u00e8s la \u00ab Politique de Confidentialit\u00e9 \u00bb).<\/p>\n\n\n\n<p>BRAIN FOR BEAUTY vous informe qu\u2019au sens de la r\u00e9glementation susmentionn\u00e9e :<\/p>\n\n\n\n<ul>\n<li>les \u00ab donn\u00e9es personnelles \u00bb sont toutes informations qui permettent d\u2019identifier, directement ou indirectement un individu.  <\/li>\n\n\n\n<li>le \u00ab traitement de donn\u00e9es personnelles \u00bb est toute op\u00e9ration ou ensemble d'op\u00e9rations appliqu\u00e9es \u00e0 des donn\u00e9es \u00e0 caract\u00e8re personnel.<\/li>\n<\/ul>\n\n\n\n<h2 class=\"wp-block-heading\">ARTICLE 1 - INFORMATION SUR LES TRAITEMENTS DE DONN\u00c9ES PERSONNELLES<\/h2>\n\n\n\n<p>La soci\u00e9t\u00e9 BRAIN FOR BEAUTY recueille des donn\u00e9es personnelles directement aupr\u00e8s des Utilisateurs et\/ou des Clients, en g\u00e9n\u00e9ral par le biais de formulaires de contact ou d\u2019inscription \u00e0 la newsletter du Site.<\/p>\n\n\n\n<p>Lorsque des donn\u00e9es personnelles sont collect\u00e9es directement aupr\u00e8s des Utilisateurs et\/ou des Clients, les informations obligatoires sont signal\u00e9es par un ast\u00e9risque. Ces derni\u00e8res sont indispensables \u00e0 l\u2019ex\u00e9cution du contrat avec BRAIN FOR BEAUTY ou au respect d\u2019une obligation l\u00e9gale. Le d\u00e9faut de communication peut emp\u00eacher l\u2019enregistrement et\/ou le traitement d\u2019une demande de contact, ou l\u2019envoi de la newsletter le cas \u00e9ch\u00e9ant. Les traitements de donn\u00e9es personnelles mis en \u0153uvre par BRAIN FOR BEAUTY le sont pour les finalit\u00e9s et sur les bases l\u00e9gales suivantes :<\/p>\n\n\n\n<figure class=\"wp-block-table\"><table><tbody><tr><td><strong>Finalit\u00e9s<\/strong><\/td><td><strong>Bases l\u00e9gales<\/strong><\/td><\/tr><tr><td>Gestion de la relation client<\/td><td>Contrat avec BRAIN FOR BEAUTY<\/td><\/tr><tr><td>Traitement des commandes<\/td><td>Contrat avec BRAIN FOR BEAUTY<\/td><\/tr><tr><td>Envoi de communications commerciales, notamment par le biais de votre inscription \u00e0 la newsletter<\/td><td>Consentement de l\u2019Utilisateur<\/td><\/tr><tr><td>Organisation de jeux concours ou d\u2019offres promotionnelles<\/td><td>Contrat avec BRAIN FOR BEAUTY<\/td><\/tr><tr><td>Traitement des demandes effectu\u00e9es aupr\u00e8s du service client de BRAIN FOR BEAUTY<\/td><td>Consentement de l\u2019Utilisateur<\/td><\/tr><tr><td>Gestion des avis sur les Produits<\/td><td>Consentement de l\u2019Utilisateur<\/td><\/tr><tr><td>Analyse de l\u2019ergonomie du Site par le biais de cookies ou technologies similaires permettant de collecter des informations sur la navigation en ligne des Utilisateurs, par exemple le type de navigateur, le code pays correspondant \u00e0 leur localisation, les pages du Site consult\u00e9es, les publicit\u00e9s sur lesquelles l\u2019Utilisateur a cliqu\u00e9 ou encore les \u00e9ventuels Produits recherch\u00e9s sur le Site. \nCes donn\u00e9es sont statistiques et anonymis\u00e9es, elles ne permettent pas d\u2019identifier un Utilisateur.<\/td><td>Int\u00e9r\u00eat l\u00e9gitime de BRAIN FOR BEAUTY pour les cookies destin\u00e9s \u00e0 am\u00e9liorer et \u00e0 garantir le bon fonctionnement et la s\u00e9curit\u00e9 du Site et le consentement de l\u2019Utilisateur pour tous les autres cookies (publicit\u00e9s et communications cibl\u00e9es, r\u00e9alisation de statistiques).<\/td><\/tr><\/tbody><\/table><\/figure>\n\n\n\n<h2 class=\"wp-block-heading\">ARTICLE 2 - DESTINATAIRES DES DONN\u00c9ES PERSONNELLES<\/h2>\n\n\n\n<p>Les donn\u00e9es personnelles des Utilisateurs sont trait\u00e9es par BRAIN FOR BEAUTY de mani\u00e8re confidentielle et avec le plus grand soin. BRAIN FOR BEAUTY les partage uniquement avec :<\/p>\n\n\n\n<ul>\n<li>des prestataires engag\u00e9s pour traiter les donn\u00e9es au nom de BRAIN FOR BEAUTY, par exemple pour la gestion de la plateforme de notre Site, la mise en place de campagnes commerciales etc. Ces prestataires ne sont autoris\u00e9s \u00e0 utiliser les donn\u00e9es personnelles que dans le cadre des services qu\u2019ils effectuent pour le compte de BRAIN FOR BEAUTY et uniquement pour la r\u00e9alisation des finalit\u00e9s pr\u00e9vues aux pr\u00e9sentes ;<\/li>\n\n\n\n<li>les organismes publics ou autorit\u00e9s en faisant la demande pour se conformer \u00e0 une obligation l\u00e9gale ou prot\u00e9ger des droits ;<\/li>\n\n\n\n<li>\u00e9ventuellement de futurs acqu\u00e9reurs de BRAIN FOR BEAUTY en cas de cession d\u2019activit\u00e9 ou d\u2019actifs.<\/li>\n<\/ul>\n\n\n\n<h2 class=\"wp-block-heading\">ARTICLE 3 \u2013 LOCALISATION ET DUR\u00c9E DE CONSERVATION DES DONN\u00c9ES PERSONNELLES<\/h2>\n\n\n\n<p>BRAIN FOR BEAUTY conserve l\u2019ensemble des donn\u00e9es personnelles des Utilisateurs et\/ou des Clients sur le territoire de l\u2019Union europ\u00e9enne. Certaines de ces donn\u00e9es sont susceptibles d\u2019\u00eatre transf\u00e9r\u00e9es et stock\u00e9es en dehors de l\u2019Union europ\u00e9enne par les prestataires engag\u00e9s par BRAIN FOR BEAUTY dans les conditions de l\u2019Article \u2013 Destinataires des donn\u00e9es personnelles.<\/p>\n\n\n\n<p>BRAIN FOR BEAUTY ne conserve les donn\u00e9es personnelles que pour la dur\u00e9e n\u00e9cessaire \u00e0 la r\u00e9alisation de la finalit\u00e9 pour laquelle elles ont \u00e9t\u00e9 collect\u00e9es.<\/p>\n\n\n\n<figure class=\"wp-block-table\"><table><tbody><tr><td><strong>Finalit\u00e9s<\/strong><\/td><td><strong>Bases l\u00e9gales<\/strong><\/td><\/tr><tr><td>Cr\u00e9ation de compte Utilisateur<\/td><td>Jusqu\u2019\u00e0 la demande de suppression de l\u2019Utilisateur ou trois (3) ans \u00e0 compter de la derni\u00e8re activit\u00e9 du compte<\/td><\/tr><tr><td>Commande<\/td><td>Dur\u00e9e du contrat avec le Client<\/td><\/tr><tr><td>Participation \u00e0 un jeu concours ou une offre<\/td><td>Dur\u00e9e du jeu concours ou de l\u2019offre promotionnelle<\/td><\/tr><tr><td>Demande d\u2019informations<\/td><td>Dur\u00e9e n\u00e9cessaire au traitement de la demande<\/td><\/tr><tr><td>Inscription \u00e0 la newsletter<\/td><td>Jusqu\u2019\u00e0 la demande de d\u00e9sinscription ou de suppression des donn\u00e9es ou trois (3) ans \u00e0 compter de la derni\u00e8re activit\u00e9 du compte<\/td><\/tr><tr><td>Traitement des donn\u00e9es effectu\u00e9es aupr\u00e8s du service client de BRAIN FOR BEAUTY<\/td><td>Jusqu\u2019\u00e0 la demande de suppression des donn\u00e9es ou trois (3) ans \u00e0 compter de la derni\u00e8re activit\u00e9 de contact<\/td><\/tr><tr><td>Cookies<\/td><td>Dur\u00e9e maximale de treize (13) mois \u00e0 compte du consentement de l\u2019Utilisateur<\/td><\/tr><tr><td>Conformit\u00e9 \u00e0 une obligation l\u00e9gale et\/ou exercice des droits de BRAIN FOR BEAUTY<\/td><td>Dur\u00e9e de l\u2019obligation l\u00e9gale ou d\u00e9lai de prescription de l\u2019action en justice<\/td><\/tr><\/tbody><\/table><\/figure>\n\n\n\n<h2 class=\"wp-block-heading\">ARTICLE 4 - DROITS DES UTILISATEURS<\/h2>\n\n\n\n<p>Le responsable des traitements des donn\u00e9es \u00e0 caract\u00e8re personnel est BRAIN FOR BEAUTY, pour son propre compte. Chaque\nUtilisateur justifiant de son identit\u00e9 peut exiger que les donn\u00e9es \u00e0 caract\u00e8re personnel le concernant lui soient communiqu\u00e9es ou\nqu\u2019elles soient, selon les cas, rectifi\u00e9es, compl\u00e9t\u00e9es, mises \u00e0 jour ou effac\u00e9es. Dans les m\u00eames conditions, l\u2019Utilisateur peut \u00e9galement retirer son consentement \u00e0 tout moment, sans porter atteinte \u00e0 la lic\u00e9it\u00e9\u0301 du traitement fond\u00e9 sur le consentement effectu\u00e9 avant le retrait de celui-ci. <\/p>\n\n\n\n<p>Enfin, l'Utilisateur b\u00e9n\u00e9ficie du droit \u00e0 la portabilit\u00e9 de ses donn\u00e9es personnelles ainsi que du droit de d\u00e9finir des directives relatives au sort de ses donn\u00e9es personnelles apr\u00e8s son d\u00e9c\u00e8s. Chaque Utilisateur justifiant de son identit\u00e9 peut \u00e9galement demander la limitation ou s'opposer au traitement des donn\u00e9es personnelles le concernant pour des motifs l\u00e9gitimes. Les droits de chaque Utilisateur rappel\u00e9s aux pr\u00e9sentes s\u2019exercent en \u00e9crivant \u00e0 contact@ingredientsecret.com ou au 91 rue du Faubourg Saint-Honor\u00e9 \u2013 75008 Paris. <\/p>\n\n\n\n<p>Une r\u00e9ponse est adress\u00e9e dans un d\u00e9lai de un mois suivant la r\u00e9ception de la demande. Au besoin, ce d\u00e9lai pourra \u00eatre prolong\u00e9 de\nde deux mois, compte tenu de la complexit\u00e9 et du nombre de demandes, auquel cas BRAIN FOR BEAUTY tiendra l\u2019Utilisateur inform\u00e9.\nL\u2019Utilisateur peut introduire une r\u00e9clamation aupr\u00e8s de la CNIL s\u2019il estime que la protection de ses Donn\u00e9es \u00e0 Caract\u00e8re Personnel n\u2019a\npas \u00e9t\u00e9 assur\u00e9e dans le cadre du traitement mis en \u0153uvre par BRAIN FOR BEAUTY.<\/p>\n\n\n\n<h2 class=\"wp-block-heading\">ARTICLE 5 \u2013 MISE \u00c0 JOUR<\/h2>\n\n\n\n<p>BRAIN FOR BEAUTY est susceptible de faire \u00e9voluer sa Politique de Confidentialit\u00e9, notamment pour se conformer aux lois et\nr\u00e8glements en vigueur. Les modifications affectant la Politique de Confidentialit\u00e9 et leur date d\u2019entr\u00e9e en vigueur seront communiqu\u00e9es\naux Utilisateurs en avance. Apr\u00e8s la date d\u2019entr\u00e9e en vigueur, la poursuite de la navigation sur le Site vaudra acceptation de ces\nmodifications.<\/p>","protected":false},"excerpt":{"rendered":"<p>In accordance with the provisions of law n \u00b0 78-17 of January 6, 1978 amended by law n \u00b0 2018-493 of June 20, 2018, we inform you that the processing of personal data collected from the Website accessible at the address www.ingredientsecret.com (hereinafter the \u201dWebsite&#8221;) are implemented under the conditions of this Data protection policy [&hellip;]<\/p>","protected":false},"author":1,"featured_media":0,"parent":0,"menu_order":0,"comment_status":"closed","ping_status":"closed","template":"","meta":{"_acf_changed":false,"_mo_disable_npp":"","_jf_save_progress":"","footnotes":""},"acf":[],"_links":{"self":[{"href":"https:\/\/ingredientsecret.com\/fr\/wp-json\/wp\/v2\/pages\/6304"}],"collection":[{"href":"https:\/\/ingredientsecret.com\/fr\/wp-json\/wp\/v2\/pages"}],"about":[{"href":"https:\/\/ingredientsecret.com\/fr\/wp-json\/wp\/v2\/types\/page"}],"author":[{"embeddable":true,"href":"https:\/\/ingredientsecret.com\/fr\/wp-json\/wp\/v2\/users\/1"}],"replies":[{"embeddable":true,"href":"https:\/\/ingredientsecret.com\/fr\/wp-json\/wp\/v2\/comments?post=6304"}],"version-history":[{"count":0,"href":"https:\/\/ingredientsecret.com\/fr\/wp-json\/wp\/v2\/pages\/6304\/revisions"}],"wp:attachment":[{"href":"https:\/\/ingredientsecret.com\/fr\/wp-json\/wp\/v2\/media?parent=6304"}],"curies":[{"name":"wp","href":"https:\/\/api.w.org\/{rel}","templated":true}]}}