{"id":6418,"date":"2021-10-28T02:13:48","date_gmt":"2021-10-28T00:13:48","guid":{"rendered":"https:\/\/ingredientsecret.com\/?page_id=6418"},"modified":"2023-09-05T17:37:52","modified_gmt":"2023-09-05T15:37:52","slug":"general-terms-and-conditions-of-use","status":"publish","type":"page","link":"https:\/\/ingredientsecret.com\/fr\/general-terms-and-conditions-of-use\/","title":{"rendered":"Conditions g\u00e9n\u00e9rales d\u2019utilisation"},"content":{"rendered":"<p class=\"bej\">Update date: September 5, 2023\u00a0<\/p>\n\n\n\n<h2 class=\"wp-block-heading\">Article 1 \u2013 Champ d\u2019application et objet&nbsp;&nbsp;<\/h2>\n\n\n\n<p>Les Pr\u00e9sentes Conditions G\u00e9n\u00e9rales d\u2019Utilisation (ci-apr\u00e8s les \u00ab CGU \u00bb) ont pour objet de r\u00e9gir les modalit\u00e9s et  conditions g\u00e9n\u00e9rales d\u2019acc\u00e8s et d\u2019utilisation du site internet ingredientecret.com (ci-apr\u00e8s le \u00ab Site \u00bb) entre les  utilisateurs (ci-apr\u00e8s l\u2019 \u00ab Utilisateur \u00bb, \u00ab vous \u00bb) et BRAIN FOR BEAUTY (ci-apr\u00e8s \u00ab BRAIN FOR BEAUTY \u00bb, \u00ab Nous \u00bb),  \u00e9diteur du Site.&nbsp;<\/p>\n\n\n\n<p>Les pr\u00e9sentes CGU sont susceptibles d\u2019\u00eatre modifi\u00e9es par BRAIN FOR BEAUTY, \u00e0 tout moment, sans pr\u00e9avis \u00e9crit, en  publiant des CGU modifi\u00e9es sur le Site. Nous vous invitons \u00e0 consulter r\u00e9guli\u00e8rement les pr\u00e9sentes CGU afin de  prendre connaissance des \u00e9ventuelles modifications.&nbsp;<\/p>\n\n\n\n<p>En acc\u00e9dant et en utilisant le Site, l\u2019Utilisateur reconnait avoir lu, compris et accept\u00e9 sans r\u00e9serve les CGU en vigueur  \u00e0 ce moment-l\u00e0. L\u2019utilisation du Site par l\u2019utilisateur est soumise \u00e0 la condition expresse de l\u2019acceptation des pr\u00e9sentes  CGU.&nbsp;<\/p>\n\n\n\n<p>Les CGU sont compl\u00e9t\u00e9es par:&nbsp;<\/p>\n\n\n\n<ul>\n<li>Les Mentions L\u00e9gales&nbsp;<\/li>\n\n\n\n<li>Les Conditions G\u00e9n\u00e9rales de Vente&nbsp;<\/li>\n\n\n\n<li>Politique de confidentialit\u00e9&nbsp;<\/li>\n\n\n\n<li>La Politique de cookies&nbsp;<\/li>\n<\/ul>\n\n\n\n<h2 class=\"wp-block-heading\">Article 2 \u2013 Fonctionnalit\u00e9s propos\u00e9es&nbsp;&nbsp;<\/h2>\n\n\n\n<p><strong>Le Site permet \u00e0 l\u2019Utilisateur de:&nbsp;<\/strong><\/p>\n\n\n\n<ul>\n<li>Acc\u00e9der \u00e0 des informations sur BRAIN FOR BEAUTY, concernant les descriptifs des produits BRAIN FOR  BEAUTY, mais \u00e9galement \u00e0 la liste des points de vente;&nbsp;<\/li>\n\n\n\n<li>Acc\u00e9der \u00e0 un service client accessible du lundi au vendredi de 9h \u00e0 12h30 et de 14h \u00e0 18h (hors jours f\u00e9ri\u00e9s):\n<ul>\n<li>soit au moyen de messages \u00e9lectroniques initi\u00e9s via les diff\u00e9rents formulaires pr\u00e9sents sur la page  \u00ab Contact \u00bb du Site et \u00e9chang\u00e9s par la suite via un syst\u00e8me de messagerie \u00e9lectronique.&nbsp;<\/li>\n\n\n\n<li>soit via message \u00e9lectronique pour toutes les demandes directement envoy\u00e9es \u00e0 l\u2019adresse email  mentionn\u00e9e dans la page \u00ab Contact \u00bb.&nbsp;<\/li>\n<\/ul>\n<\/li>\n<\/ul>\n\n\n\n<p>Dans ce contexte, BRAIN FOR BEAUTY s\u2019engage \u00e0 r\u00e9pondre \u00e0 toute question pos\u00e9e par l\u2019Utilisateur dans un d\u00e9lai  maximum de vingt-quatre (24) heures \u00e0 compter de la r\u00e9ception par BRAIN FOR BEAUTY de la demande de  l\u2019Utilisateur (ci-apr\u00e8s le \u00ab Service Client \u00bb). Le Service Client n\u2019est pas compos\u00e9 de m\u00e9decins ou de professionnels de  sant\u00e9 et n\u2019a pas vocation \u00e0 fournir \u00e0 l\u2019Utilisateur une consultation m\u00e9dicale et\/ou des conseils en mati\u00e8re de sant\u00e9,  des conseils th\u00e9rapeutiques ou des indications sur des \u00e9ventuelles interactions m\u00e9dicamenteuses, ou tout autre  information ne relevant pas de la sph\u00e8re de la nutricosm\u00e9tique et dermo-cosm\u00e9tique.<\/p>\n\n\n\n<ul>\n<li>Cr\u00e9er un compte client ou se connecter au compte client que l'Utilisateur aura pr\u00e9alablement cr\u00e9\u00e9 sur le Site Internet afin d'acc\u00e9der aux fonctionnalit\u00e9s qui y sont pr\u00e9sent\u00e9es, \u00e0 savoir le profil, les commandes, les factures (ci-apr\u00e8s le \u00ab Compte Client \u00bb);&nbsp;<\/li>\n<\/ul>\n\n\n\n<p>(ci-apr\u00e8s ensemble les \u00ab Fonctionnalit\u00e9s \u00bb).&nbsp;<\/p>\n\n\n\n<h2 class=\"wp-block-heading\">Article 3 \u2013 Fourniture de conseils li\u00e9s \u00e0 la nutricosm\u00e9tique et  dermocosm\u00e9tique&nbsp;&nbsp;<\/h2>\n\n\n\n<p>BRAIN FOR BEAUTY est un acteur du monde des nutricosm\u00e9tiques et les dermocosm\u00e9tiques. BRAIN FOR BEAUTY  ne fournit pas de consultation m\u00e9dicale, de conseils en mati\u00e8re de sant\u00e9, de conseils th\u00e9rapeutiques et\/ou des  diagnostics ou soins m\u00e9dicaux. Les conseils qui sont fournis dans le cadre du Service Client sont des conseils en  nutricosm\u00e9tique et dermo-cosm\u00e9tique. Les conseils fournis dans ce contexte ne sont aucunement destin\u00e9s \u00e0 remplacer  des diagnostics m\u00e9dicaux fournis par des professionnels de sant\u00e9 et\/ou n\u2019ont pas vocation \u00e0 diagnostiquer, \u00e0 traiter  ou \u00e0 g\u00e9rer toute maladie ou probl\u00e8me d\u2019ordre m\u00e9dical. Les conseils fournis n\u2019ont pas non plus vocation \u00e0 attirer  l\u2019attention de l\u2019Utilisateur sur les \u00e9ventuelles interactions entre des traitements m\u00e9dicaux et les nutricosm\u00e9tiques, ou des  interactions entre les nutricosm\u00e9tiques propos\u00e9s par d\u2019autres marques et ceux de BRAIN FOR BEAUTY.&nbsp;<\/p>\n\n\n\n<p><strong>Nous vous invitons \u00e0 consulter votre m\u00e9decin traitant et\/ou tout autre professionnel de sant\u00e9 agr\u00e9\u00e9 avant de prendre toute d\u00e9cision ou d'entreprendre toute action pouvant affecter votre sant\u00e9 et votre s\u00e9curit\u00e9 ou celles de votre famille. <\/strong>Nous vous invitons \u00e0 consulter votre m\u00e9decin si vous avez des doutes ou des questions sur votre sant\u00e9, sur une interaction m\u00e9dicamenteuse ou si votre \u00e9tat de sant\u00e9 ou votre \u00e9tat s'aggrave.&nbsp;<\/p>\n\n\n\n<h2 class=\"wp-block-heading\">Article 4 \u2013 Conditions d\u2019acc\u00e8s et d\u2019utilisation du Site et Obligations de  l\u2019Utilisateur&nbsp;&nbsp;<\/h2>\n\n\n\n<p>Pour pouvoir valablement utiliser le Site, l\u2019Utilisateur d\u00e9clare express\u00e9ment avoir la pleine capacit\u00e9 juridique de  conclure le pr\u00e9sent contrat, c\u2019est-\u00e0-dire la majorit\u00e9 l\u00e9gale et de ne pas \u00eatre sous tutelle ou curatelle, ou \u00eatre un mineur  \u00e9mancip\u00e9. Sous r\u00e9serve du respect par l\u2019Utilisateur des pr\u00e9sentes CGU, BRAIN FOR BEAUTY accorde \u00e0 l\u2019Utilisateur  une licence mondiale, gratuite, personnelle, r\u00e9vocable, limit\u00e9e, non exclusive et non transf\u00e9rable pour acc\u00e9der et  utiliser le Site et ses Fonctionnalit\u00e9s, uniquement pour son usage personnel, ce qui ne comprend pas les activit\u00e9s li\u00e9es  \u00e0 une quelconque activit\u00e9 commerciale, d\u2019entreprise ou professionnelle.&nbsp;<\/p>\n\n\n\n<p><strong>L\u2019Utilisateur s\u2019interdit de:&nbsp;<\/strong><\/p>\n\n\n\n<ul>\n<li>Utiliser le Site \u00e0 d\u2019autres fins que celles strictement pr\u00e9vues au sein des pr\u00e9sentes CGU ou de toute mani\u00e8re  interdite par une disposition l\u00e9gale ou r\u00e9glementaire;&nbsp;<\/li>\n\n\n\n<li>Utiliser le Site \u00e0 des fins professionnelles, commerciales ou non priv\u00e9es;&nbsp;<\/li>\n\n\n\n<li>Utiliser le Site en violation des droits d\u2019autrui;&nbsp;<\/li>\n\n\n\n<li>T\u00e9l\u00e9charger, reproduire, enregistrer, capturer et\/ou copier, par tout proc\u00e9d\u00e9 ou moyen, le contenu du Site et  des Fonctionnalit\u00e9s et en particulier les photographies et les contenus qui y sont propos\u00e9es en violation des CGU;&nbsp;<\/li>\n\n\n\n<li>Utiliser le Site d\u2019une fa\u00e7on qui peut porter atteinte au Site et\/ou aux Fonctionnalit\u00e9s fournies ou perturber leur  utilisation par un autre Utilisateur;&nbsp;<\/li>\n\n\n\n<li>Modifier, traduire, d\u00e9compiler, cr\u00e9er des d\u00e9riv\u00e9s de, copier, distribuer, d\u00e9sassembler, diffuser, transmettre,  publier, supprimer ou alt\u00e9rer des notices ou \u00e9tiquettes propri\u00e9taires, licencier, sous-licencier, transf\u00e9rer, vendre,  refl\u00e9ter, encadrer, exploiter, louer, prendre en location, \u00e9tiqueter de mani\u00e8re priv\u00e9e, consentir une garantie sur  le Site, ou utiliser le Site en aucune fa\u00e7on qui ne soit pas express\u00e9ment autoris\u00e9e au sein des pr\u00e9sentes CGU;<\/li>\n\n\n\n<li>Porter atteinte aux int\u00e9r\u00eats l\u00e9gitimes de BRAIN FOR BEAUTY et notamment \u00e0 ses droits de propri\u00e9t\u00e9 intellectuelle  et autres droits relatifs ou li\u00e9s au Site;&nbsp;<\/li>\n\n\n\n<li>Supprimer ou modifier la marque, le logo ou tout autre signe distinctif de BRAIN FOR BEAUTY contenus sur le  Site;&nbsp;<\/li>\n<\/ul>\n\n\n\n<p><strong>Dans le cadre du Service Client, l\u2019Utilisateur s\u2019interdit de:&nbsp;<\/strong><\/p>\n\n\n\n<ul>\n<li>R\u00e9v\u00e9ler des donn\u00e9es \u00e0 caract\u00e8re personnel consid\u00e9r\u00e9es comme des cat\u00e9gories particuli\u00e8res de donn\u00e9es \u00e0  caract\u00e8re personnel au sens de l\u2019article 9 du R\u00e8glement (UE) 2016\/679 du 27 avril 2016, relatif \u00e0 la  protection des personnes physiques \u00e0 l\u2019\u00e9gard du traitement des donn\u00e9es \u00e0 caract\u00e8re personnel et \u00e0 la libre  circulation de ces donn\u00e9es (ci-apr\u00e8s \u00ab RGPD\u00bb), \u00e0 savoir des donn\u00e9es concernant sa sant\u00e9, sa vie sexuelle,  des donn\u00e9es g\u00e9n\u00e9tiques. En effet, le Service Client n\u2019a en aucun cas pour objet de fournir \u00e0 l\u2019Utilisateur une  consultation m\u00e9dicale et\/ou des conseils en mati\u00e8re de sant\u00e9 et\/ou des diagnostics m\u00e9dicaux, mais  seulement de l\u2019orienter au mieux sur les produits r\u00e9pondant \u00e0 ses besoins ou sur le Site.&nbsp;<\/li>\n\n\n\n<li>T\u00e9l\u00e9charger, envoyer, transmettre, de quelque mani\u00e8re que ce soit, tout contenu ill\u00e9gal ou contrefaisant, toute publicit\u00e9, tout mat\u00e9riel promotionnel non sollicit\u00e9 et non autoris\u00e9, ainsi que tout virus informatique, code, dossier ou programme con\u00e7u pour interrompre, d\u00e9truire ou limiter les Fonctionnalit\u00e9s du Site ou des serveurs, r\u00e9seaux ou r\u00e9seaux connect\u00e9s aux prestations;&nbsp;<\/li>\n\n\n\n<li>Tenter d\u2019induire en erreur d\u2019autres Utilisateurs, en usurpant le nom ou la d\u00e9nomination sociale d\u2019autres  personnes, et plus particuli\u00e8rement en se faisant passer pour un employ\u00e9 ou un affili\u00e9 de BRAIN FOR BEAUTY et\/ou du Site;&nbsp;<\/li>\n\n\n\n<li>Tenir ou prof\u00e9rer des propos ou diffuser, sous quelque forme que ce soit, des contenus tels que, mais sans que cela ne s\u2019y limite, des photos, messages et\/ou commentaires (ci-apr\u00e8s le(s) \u00ab Contenus Utilisateur\u00bb) portant atteinte aux droits de tiers et en particulier \u00e0 des droits de propri\u00e9t\u00e9 intellectuelle (marque, droit  d\u2019auteur, mod\u00e8les en particulier), aux droits des personnes (notamment diffamation, insultes, injures, d\u00e9nigrement, harc\u00e8lement, etc.), au respect de la vie priv\u00e9e (en ce compris le droit \u00e0 l\u2019image), \u00e0 l\u2019ordre public  et aux bonnes m\u0153urs (notamment en tenant des propos de nature politique, raciste ou x\u00e9nophobe, en tenant des propos faisant l\u2019apologie des crimes contre l\u2019humanit\u00e9, incitant \u00e0 la haine raciale, portant atteinte \u00e0 la  dignit\u00e9 humaine, faisant \u00e9tat de violence faite aux animaux, faisant \u00e9tat d\u2019images violentes ou d\u00e9gradantes,  etc.) et, de mani\u00e8re g\u00e9n\u00e9rale, tout contenu contraire aux lois et r\u00e8glements en vigueur et aux r\u00e8gles  habituelles de politesse et de courtoisie.&nbsp;<\/li>\n<\/ul>\n\n\n\n<h2 class=\"wp-block-heading\">Article 5 \u2013 Obligations de BRAIN FOR BEAUTY&nbsp;&nbsp;<\/h2>\n\n\n\n<p>BRAIN FOR BEAUTY met \u00e0 disposition de l\u2019Utilisateur les Fonctionnalit\u00e9s via le Site dans les conditions d\u00e9crites aux  pr\u00e9sentes CGU. Les Fonctionnalit\u00e9s du Site, \u00e0 l\u2019exception du Service Client, sont accessibles vingt-quatre heures sur  vingt-quatre, sept jours sur sept, sauf en cas d\u2019\u00e9v\u00e8nements de force majeure ou d\u2019\u00e9v\u00e8nement hors du contr\u00f4le de  BRAIN FOR BEAUTY (notamment de pannes) et sous r\u00e9serve des p\u00e9riodes de maintenance et de mise \u00e0 jour  n\u00e9cessaires du Site. BRAIN FOR BEAUTY s\u2019engage, dans le cadre d\u2019une obligation de moyens, \u00e0 fournir un acc\u00e8s  aux Fonctionnalit\u00e9s du Site en respectant les pr\u00e9sentes CGU et \u00e0 agir avec diligence et comp\u00e9tence afin de mettre  tout en \u0153uvre, dans une limite raisonnable, pour rem\u00e9dier \u00e0 tout dysfonctionnement port\u00e9 \u00e0 sa connaissance.&nbsp;<\/p>\n\n\n\n<p><strong>BRAIN FOR BEAUTY pourra \u00e0 tout moment, de mani\u00e8re temporaire ou d\u00e9finitive:&nbsp;<\/strong><\/p>\n\n\n\n<ul>\n<li>Apporter des modifications au Site;&nbsp;<\/li>\n\n\n\n<li>Suspendre, interrompre ou limiter l\u2019acc\u00e8s de tout ou partie du Site, r\u00e9server l\u2019acc\u00e8s au Site, ou \u00e0 certaines parties  du Site;<\/li>\n\n\n\n<li>Supprimer toute information pouvant perturber le fonctionnement ou entrant en contravention avec les lois  nationales ou internationales et\/ou les pr\u00e9sentes CGU;&nbsp;<\/li>\n\n\n\n<li>Suspendre l\u2019acc\u00e8s au Site afin de proc\u00e9der \u00e0 des op\u00e9rations de maintenance et\/ou de mises \u00e0 jour;<\/li>\n\n\n\n<li>Supprimer le Site.&nbsp;<\/li>\n<\/ul>\n\n\n\n<h2 class=\"wp-block-heading\">Article 6 \u2013 Responsabilit\u00e9s et garanties de BRAIN FOR BEAUTY&nbsp;&nbsp;<\/h2>\n\n\n\n<p>La responsabilit\u00e9 de BRAIN FOR BEAUTY ne peut \u00eatre engag\u00e9e en cas de panne, difficult\u00e9 ou interruption de  fonctionnement, emp\u00eachant l\u2019acc\u00e8s au Site ou \u00e0 une de ses Fonctionnalit\u00e9s de mani\u00e8re temporaire. L\u2019Utilisateur  reconna\u00eet et accepte que la responsabilit\u00e9 de BRAIN FOR BEAUTY ne saurait \u00eatre engag\u00e9e pour tous les  inconv\u00e9nients ou dommages li\u00e9es \u00e0 l\u2019utilisation du r\u00e9seau Internet et\/ou du r\u00e9seau Internet mobile, dont, sans que  cette liste soit limitative:&nbsp;<\/p>\n\n\n\n<ul>\n<li>La mauvaise transmission et\/ou r\u00e9ception de toute donn\u00e9e et\/ou information sur le r\u00e9seau internet mobile ou via  les r\u00e9seaux satellitaires;&nbsp;<\/li>\n\n\n\n<li>La d\u00e9faillance de tout mat\u00e9riel de r\u00e9ception ou des lignes de communication;&nbsp;<\/li>\n\n\n\n<li>Tout dysfonctionnement du r\u00e9seau Internet mobile ou des r\u00e9seaux satellitaires emp\u00eachant le bon fonctionnement  ou de mauvaises conditions d\u2019utilisation du Site et\/ou l\u2019acc\u00e8s aux Fonctionnalit\u00e9s du Site.&nbsp;<\/li>\n<\/ul>\n\n\n\n<p>Le taux de transfert et les temps de r\u00e9ponse des informations circulant \u00e0 partir du Site vers internet ne sont pas garantis  par BRAIN FOR BEAUTY. En effet, la vitesse de circulation des informations ne rel\u00e8ve pas de la prestation offerte par  BRAIN FOR BEAUTY mais des caract\u00e9ristiques inh\u00e9rentes aux r\u00e9seaux en ligne ou de t\u00e9l\u00e9communication fournis par  l\u2019op\u00e9rateur de l\u2019Utilisateur. Dans toute la mesure permise par la r\u00e9glementation applicable, BRAIN FOR BEAUTY ou  ses conc\u00e9dants de licence ne pourront en aucun cas \u00eatre tenus pour responsables de tout dommage indirect de  quelque nature que ce soit (soit notamment les pertes de b\u00e9n\u00e9fices, pertes d\u2019informations confidentielles ou autres  donn\u00e9es, interruptions d\u2019activit\u00e9, atteintes \u00e0 la vie priv\u00e9e, manquement \u00e0 toute obligation, notamment l\u2019obligation de  bonne foi et de diligence, pour des actes de n\u00e9gligence, et pour toute perte p\u00e9cuniaire ou autre), r\u00e9sultant de, ou li\u00e9  \u00e0 l\u2019utilisation ou \u00e0 l\u2019impossibilit\u00e9 d\u2019utiliser le Site.&nbsp;<\/p>\n\n\n\n<h2 class=\"wp-block-heading\">Article 7 \u2013 Indemnisation&nbsp;&nbsp;<\/h2>\n\n\n\n<p>En utilisant le Site, l\u2019Utilisateur accepte de d\u00e9fendre, indemniser et garantir BRAIN FOR BEAUTY, ses administrateurs  et ses employ\u00e9s, contre toutes pertes, dommages, responsabilit\u00e9, frais, d\u00e9pens (y compris les honoraires l\u00e9gaux)  r\u00e9clam\u00e9s par tout tiers et r\u00e9sultant de : (i) l\u2019utilisation et l\u2019acc\u00e8s au Site par l\u2019Utilisateur ; (ii) d\u2019une violation par  l\u2019Utilisateur des pr\u00e9sentes CGU ; et (iii) d\u2019une violation par l\u2019Utilisateur des droits des tiers, y compris, sans que cela  soit limitatif tous droits de propri\u00e9t\u00e9, de protection de la vie priv\u00e9e et des donn\u00e9es \u00e0 caract\u00e8re personnel ou de  propri\u00e9t\u00e9 intellectuelle. Cette indemnisation survivra au-del\u00e0 de la dur\u00e9e de l\u2019utilisation du Site par l\u2019Utilisateur.&nbsp;<\/p>\n\n\n\n<h2 class=\"wp-block-heading\">Article 8 \u2013 Propri\u00e9t\u00e9 Intellectuelle&nbsp;&nbsp;<\/h2>\n\n\n\n<p>L\u2019ensemble des \u00e9l\u00e9ments et contenus du Site, ainsi que les textes, graphismes, visuels, logos, marques, d\u00e9nominations,  sons, dessins, logiciels noms de domaines, contenus photos et vid\u00e9os (ci-apr\u00e8s le(s) \u00ab Contenu(s) BRAIN FOR  BEAUTY \u00bb) sont prot\u00e9g\u00e9s par le droit de la propri\u00e9t\u00e9 intellectuelle et sont la propri\u00e9t\u00e9 exclusive de BRAIN FOR  BEAUTY et\/ou sont conc\u00e9d\u00e9s en licence \u00e0 BRAIN FOR BEAUTY et ne peuvent \u00eatre reproduits, utilis\u00e9s ou repr\u00e9sent\u00e9s  sans l\u2019autorisation pr\u00e9alable \u00e9crite de BRAIN FOR BEAUTY, y compris pour cr\u00e9er des \u0153uvres d\u00e9riv\u00e9es, sous peine  de poursuites judiciaires.<\/p>\n\n\n\n<p>Sous r\u00e9serve du respect par l\u2019Utilisateur des pr\u00e9sentes CGU, BRAIN FOR BEAUTY conc\u00e8de \u00e0 l\u2019Utilisateur un droit,  non exclusif, non cessible et non transf\u00e9rable (y compris par voie de sous-licence), d\u2019acc\u00e8s et d\u2019utilisation du Site et  de l\u2019ensemble des \u00e9l\u00e9ments le composant (en ce compris les Contenus BRAIN FOR BEAUTY) et de la documentation  associ\u00e9e, pendant toute la dur\u00e9e des pr\u00e9sentes CGU pour le monde entier. L\u2019Utilisateur ne peut utiliser le Site, les  Contenus BRAIN FOR BEAUTY et la documentation associ\u00e9e que conform\u00e9ment \u00e0 leurs destinations et pour les  besoins personnels et priv\u00e9s de l\u2019Utilisateur.&nbsp;<\/p>\n\n\n\n<p>Toute reproduction ou repr\u00e9sentation r\u00e9alis\u00e9e \u00e0 d\u2019autres fins n\u2019est autoris\u00e9e qu\u2019avec un accord pr\u00e9alable expr\u00e8s et  \u00e9crit de BRAIN FOR BEAUTY.&nbsp;<\/p>\n\n\n\n<p>En particulier, l\u2019Utilisateur n\u2019est pas autoris\u00e9 \u00e0 t\u00e9l\u00e9charger, copier, alt\u00e9rer, modifier, adapter, supprimer,  distribuer, transmettre, diffuser, vendre, louer, conc\u00e9der ou exploiter le Site et les Contenus BRAIN FOR BEAUTY  en tout ou partie, de quelque mani\u00e8re que ce soit, sans l\u2019accord expr\u00e8s, \u00e9crit et pr\u00e9alable de BRAIN FOR  BEAUTY.&nbsp;&nbsp;<\/p>\n\n\n\n<p>Tout utilisation autre du Site ou du Contenu BRAIN FOR BEAUTY est constitutive de contrefa\u00e7on et sanctionn\u00e9e au  titre du droit de la propri\u00e9t\u00e9 intellectuelle, sauf autorisation pr\u00e9alable, expresse et \u00e9crite de BRAIN FOR BEAUTY.&nbsp;<\/p>\n\n\n\n<h2 class=\"wp-block-heading\">Article 9 \u2013 Protection des donn\u00e9es \u00e0 caract\u00e8re personnel&nbsp;&nbsp;<\/h2>\n\n\n\n<p>L\u2019utilisation du Site implique des traitements de donn\u00e9es \u00e0 caract\u00e8re personnel. Pour en savoir plus sur les traitements  mis en \u0153uvre au moyen de ses donn\u00e9es, l\u2019Utilisateur est invit\u00e9 \u00e0 consulter la Politique de protection des donn\u00e9es.&nbsp;<\/p>\n\n\n\n<h2 class=\"wp-block-heading\">Article 10 \u2013 Dispositions diverses&nbsp;&nbsp;<\/h2>\n\n\n\n<h3 class=\"wp-block-heading\">10.1 Sous-traitants&nbsp;&nbsp;<\/h3>\n\n\n\n<p>BRAIN FOR BEAUTY pourra faire appel \u00e0 des sous-traitants dans le cadre de l\u2019ex\u00e9cution de ses obligations au titre  des pr\u00e9sentes CGU.&nbsp;<\/p>\n\n\n\n<h3 class=\"wp-block-heading\">10.2 Documents contractuels&nbsp;&nbsp;<\/h3>\n\n\n\n<p>Les pr\u00e9sentes CGU constituent l\u2019int\u00e9gralit\u00e9 de l\u2019accord pass\u00e9 entre BRAIN FOR BEAUTY et l\u2019Utilisateur pour ce qui  concerne l\u2019acc\u00e8s et l\u2019utilisation du Site et de ses Fonctionnalit\u00e9s, et se substituent \u00e0 tout accord ayant le m\u00eame objet \u00e9ventuellement intervenu ant\u00e9rieurement entre l\u2019Utilisateur et BRAIN FOR BEAUTY.&nbsp;<\/p>\n\n\n\n<h3 class=\"wp-block-heading\">10.3 Force Majeure&nbsp;&nbsp;<\/h3>\n\n\n\n<p>Aucune des parties ne pourra \u00eatre tenue responsable \u00e0 l\u2019\u00e9gard de l\u2019autre partie en cas d\u2019inex\u00e9cution de ses  obligations r\u00e9sultant d\u2019un cas de force majeure. Sont consid\u00e9r\u00e9s comme cas de force majeure ou cas fortuit, ceux  habituellement reconnus par la jurisprudence de la Cour de cassation.&nbsp;<\/p>\n\n\n\n<h3 class=\"wp-block-heading\">10.4 Renonciation&nbsp;&nbsp;<\/h3>\n\n\n\n<p>Le fait pour BRAIN FOR BEAUTY de ne pas se pr\u00e9valoir \u00e0 un moment donn\u00e9 d\u2019une stipulation quelconque ne peut  \u00eatre consid\u00e9r\u00e9 comme valant renonciation au b\u00e9n\u00e9fice de cette stipulation ou au droit de se pr\u00e9valoir ult\u00e9rieurement de ladite stipulation et\/ou de demander r\u00e9paration pour tout manquement \u00e0 cette stipulation.&nbsp;<\/p>\n\n\n\n<h3 class=\"wp-block-heading\">10.5 Divisibilit\u00e9&nbsp;&nbsp;<\/h3>\n\n\n\n<p>En cas de nullit\u00e9 d\u2019une quelconque disposition des pr\u00e9sentes CGU, celle-ci est r\u00e9put\u00e9e non-\u00e9crite et les autres  dispositions conservent leur force et leur port\u00e9e.&nbsp;<\/p>\n\n\n\n<h3 class=\"wp-block-heading\">10.6 Disponibilit\u00e9 des produits BRAIN FOR BEAUTY&nbsp;&nbsp;<\/h3>\n\n\n\n<p>Une r\u00e9f\u00e9rence \u00e0 un produit de BRAIN FOR BEAUTY sur le Site ne signifie pas qu\u2019il sera disponible dans l\u2019ensemble des points de vente identifi\u00e9s sur le Site.&nbsp;<\/p>\n\n\n\n<h2 class=\"wp-block-heading\">Article 11 \u2013 R\u00e9clamation et droit applicable&nbsp;&nbsp;<\/h2>\n\n\n\n<p>Le contrat form\u00e9 par l\u2019acceptation des pr\u00e9sentes CGU est soumis \u00e0 la loi fran\u00e7aise. Si l\u2019Utilisateur est un consommateur  et que sa r\u00e9sidence habituelle est situ\u00e9e hors de France dans un pays de l\u2019Union Europ\u00e9enne, l\u2019Utilisateur b\u00e9n\u00e9ficie  \u00e9galement de droits le prot\u00e9geant en vertu des dispositions d\u2019ordre public de la loi applicable de son pays de  r\u00e9sidence. En cas de r\u00e9clamation ou de litige concernant l\u2019acc\u00e8s et l\u2019utilisation du Site et\/ou de ses Fonctionnalit\u00e9s,  l\u2019Utilisateur s\u2019engage \u00e0 s\u2019adresser en priorit\u00e9 au service client par courrier \u00e9lectronique \u00e0 l\u2019adresse suivante :  contact@ingredientsecret.com ou par courrier recommand\u00e9 avec demande d\u2019avis de r\u00e9ception (LRAR) aupr\u00e8s de  BRAIN FOR BEAUTY \u00e0 l\u2019adresse suivante :&nbsp;<\/p>\n\n\n\n<p>BRAIN FOR BEAUTY&nbsp;<\/p>\n\n\n\n<p>91 rue du Faubourg Saint-Honor\u00e9<\/p>\n\n\n\n<p>75008, Paris &#8211; France&nbsp;<\/p>\n\n\n\n<p>Les parties s\u2019engagent \u00e0 rechercher un r\u00e8glement amiable au diff\u00e9rend concern\u00e9 avant toute action judiciaire ou  recours \u00e0 une proc\u00e9dure de m\u00e9diation. A d\u00e9faut d\u2019accord amiable, les tribunaux fran\u00e7ais seront seuls comp\u00e9tents.&nbsp;<\/p>\n\n\n\n<h2 class=\"wp-block-heading\">Article 12 \u2013 Contacter BRAIN FOR BEAUTY&nbsp;&nbsp;<\/h2>\n\n\n\n<p>L\u2019Utilisateur peut obtenir des informations ou poser des questions par le biais de la rubrique \u00ab Contact \u00bb accessible  depuis la page d\u2019accueil du Site ou en \u00e9crivant \u00e0:&nbsp;<\/p>\n\n\n\n<p>BRAIN FOR BEAUTY&nbsp;<\/p>\n\n\n\n<p>91 rue du Faubourg Saint-Honor\u00e9<\/p>\n\n\n\n<p>75008, Paris \u2013 France<\/p>","protected":false},"excerpt":{"rendered":"<p>Update date: September 5, 2023\u00a0 Article 1 &#8211; Scope and object&nbsp;&nbsp; The purpose of these General Terms and Conditions of Use (hereinafter the &#8220;GTC&#8221;) is to govern the general terms&nbsp; and conditions of access and use of the ingredientecret.com website (hereinafter the &#8220;Website&#8221;) between the users&nbsp; (hereinafter the &#8220;User&#8221;, &#8220;you&#8221;) and BRAIN FOR BEAUTY (hereinafter [&hellip;]<\/p>","protected":false},"author":1,"featured_media":0,"parent":0,"menu_order":0,"comment_status":"closed","ping_status":"closed","template":"","meta":{"_acf_changed":false,"_mo_disable_npp":"","_jf_save_progress":"","footnotes":""},"acf":[],"_links":{"self":[{"href":"https:\/\/ingredientsecret.com\/fr\/wp-json\/wp\/v2\/pages\/6418"}],"collection":[{"href":"https:\/\/ingredientsecret.com\/fr\/wp-json\/wp\/v2\/pages"}],"about":[{"href":"https:\/\/ingredientsecret.com\/fr\/wp-json\/wp\/v2\/types\/page"}],"author":[{"embeddable":true,"href":"https:\/\/ingredientsecret.com\/fr\/wp-json\/wp\/v2\/users\/1"}],"replies":[{"embeddable":true,"href":"https:\/\/ingredientsecret.com\/fr\/wp-json\/wp\/v2\/comments?post=6418"}],"version-history":[{"count":0,"href":"https:\/\/ingredientsecret.com\/fr\/wp-json\/wp\/v2\/pages\/6418\/revisions"}],"wp:attachment":[{"href":"https:\/\/ingredientsecret.com\/fr\/wp-json\/wp\/v2\/media?parent=6418"}],"curies":[{"name":"wp","href":"https:\/\/api.w.org\/{rel}","templated":true}]}}