{"id":182,"date":"2021-03-17T12:26:26","date_gmt":"2021-03-17T11:26:26","guid":{"rendered":"https:\/\/ingredientsecret.com\/?post_type=product&#038;p=182"},"modified":"2025-12-08T20:31:32","modified_gmt":"2025-12-08T19:31:32","slug":"anti-aging-supplement","status":"publish","type":"product","link":"https:\/\/ingredientsecret.com\/fr\/product\/anti-aging-supplement\/","title":{"rendered":"RENAISSCIENCE\u00ae compl\u00e9ment alimentaire anti-\u00e2ge"},"content":{"rendered":"<p>Offrez \u00e0 votre peau une cure de jouvence naturelle\u2009! Nos <em>Youth Concentrate anti-aging capsules<\/em> associent les meilleurs actifs des <b>compl\u00e9ments alimentaires anti-\u00e2ge et anti-rides <\/b>recommand\u00e9s par les experts de la nutricosm\u00e9tique pour garder <b>une belle peau<\/b>. Leur formule unique stimule l\u2019hydratation, l\u2019\u00e9lasticit\u00e9, l\u2019\u00e9clat et la <b>fermet\u00e9<\/b>&nbsp;de la peau, pour lisser les <b>rides <\/b>en <b>douceur et rester jeune <\/b>plus longtemps.<\/p>","protected":false},"excerpt":{"rendered":"<p>Treat your skin to a natural rejuvenating makeover! Our Youth Concentrate anti-aging capsules combine the best active ingredients of anti-aging and anti-wrinkle dietary supplements recommended by nutricosmetics experts to maintain healthy skin. Their unique formula boosts skin hydration, elasticity, radiance and firmness, to gently smooth wrinkles and stay young longer.<\/p>","protected":false},"featured_media":13552,"template":"","meta":{"_acf_changed":false,"_mo_disable_npp":"","_jf_save_progress":""},"product_cat":[19],"product_tag":[],"acf":[],"_links":{"self":[{"href":"https:\/\/ingredientsecret.com\/fr\/wp-json\/wp\/v2\/product\/182"}],"collection":[{"href":"https:\/\/ingredientsecret.com\/fr\/wp-json\/wp\/v2\/product"}],"about":[{"href":"https:\/\/ingredientsecret.com\/fr\/wp-json\/wp\/v2\/types\/product"}],"wp:featuredmedia":[{"embeddable":true,"href":"https:\/\/ingredientsecret.com\/fr\/wp-json\/wp\/v2\/media\/13552"}],"wp:attachment":[{"href":"https:\/\/ingredientsecret.com\/fr\/wp-json\/wp\/v2\/media?parent=182"}],"wp:term":[{"taxonomy":"product_cat","embeddable":true,"href":"https:\/\/ingredientsecret.com\/fr\/wp-json\/wp\/v2\/product_cat?post=182"},{"taxonomy":"product_tag","embeddable":true,"href":"https:\/\/ingredientsecret.com\/fr\/wp-json\/wp\/v2\/product_tag?post=182"}],"curies":[{"name":"wp","href":"https:\/\/api.w.org\/{rel}","templated":true}]}}