{"id":6442,"date":"2021-10-28T03:43:28","date_gmt":"2021-10-28T01:43:28","guid":{"rendered":"https:\/\/ingredientsecret.com\/?post_type=product&#038;p=6442"},"modified":"2025-11-26T16:22:30","modified_gmt":"2025-11-26T15:22:30","slug":"set-in-3-months-out","status":"publish","type":"product","link":"https:\/\/ingredientsecret.com\/fr\/product\/set-in-3-months-out\/","title":{"rendered":"Set in &#038; out &#8211; 3 months"},"content":{"rendered":"<p>SYNERGY IN &amp; OUT: A twin set created in perfect synergy to boost the beauty skin from within! The nutricosmetic penetrates the hypodermis releasing it&#8217;s regenerating, antioxidant power and an intense cellular hydration during the day. The beauty sleep balm envelops the epidermis until it infuses the dermis, delivering its regenerating, anti-wrinkle, plumping and firmness efficiency overnight.<\/p>\n<p>Ce rituel de soin complet jour et nuit qui capture toutes les couches cutan\u00e9es\npour une peau intens\u00e9ment repulp\u00e9e, hydrat\u00e9e et \u00e9clatante de sant\u00e9!<\/p>","protected":false},"excerpt":{"rendered":"<p>SYNERGY IN &amp; OUT: A twin set created in perfect synergy to boost the beauty skin from within! The nutricosmetic penetrates the hypodermis releasing it&#8217;s regenerating, antioxidant power and an intense cellular hydration during the day. The beauty sleep balm envelops the epidermis until it infuses the dermis, delivering its regenerating, anti-wrinkle, plumping and firmness [&hellip;]<\/p>","protected":false},"featured_media":13550,"template":"","meta":{"_acf_changed":false,"_mo_disable_npp":"","_jf_save_progress":""},"product_cat":[19],"product_tag":[],"acf":[],"_links":{"self":[{"href":"https:\/\/ingredientsecret.com\/fr\/wp-json\/wp\/v2\/product\/6442"}],"collection":[{"href":"https:\/\/ingredientsecret.com\/fr\/wp-json\/wp\/v2\/product"}],"about":[{"href":"https:\/\/ingredientsecret.com\/fr\/wp-json\/wp\/v2\/types\/product"}],"wp:featuredmedia":[{"embeddable":true,"href":"https:\/\/ingredientsecret.com\/fr\/wp-json\/wp\/v2\/media\/13550"}],"wp:attachment":[{"href":"https:\/\/ingredientsecret.com\/fr\/wp-json\/wp\/v2\/media?parent=6442"}],"wp:term":[{"taxonomy":"product_cat","embeddable":true,"href":"https:\/\/ingredientsecret.com\/fr\/wp-json\/wp\/v2\/product_cat?post=6442"},{"taxonomy":"product_tag","embeddable":true,"href":"https:\/\/ingredientsecret.com\/fr\/wp-json\/wp\/v2\/product_tag?post=6442"}],"curies":[{"name":"wp","href":"https:\/\/api.w.org\/{rel}","templated":true}]}}